{"id":6742,"date":"2019-07-10T18:14:26","date_gmt":"2019-07-10T18:14:26","guid":{"rendered":"http:\/\/www.veinjapintsel.ee\/?post_type=product&#038;p=6742"},"modified":"2019-08-10T09:05:57","modified_gmt":"2019-08-10T09:05:57","slug":"avalik-jarve-aares","status":"publish","type":"product","link":"https:\/\/veinjapintsel.ee\/en\/product\/avalik-jarve-aares\/","title":{"rendered":"AVALIK &#8211; J\u00e4rve \u00e4\u00e4res"},"content":{"rendered":"<div class=\"wpb-content-wrapper\" ><div class=\"vc_row wpb_row vc_row-fluid\"><div class=\"wpb_column vc_column_container vc_col-sm-12\"><div class=\"vc_column-inner vc_custom_1538015756293\"><div class=\"wpb_wrapper\">\n\t<div class=\"wpb_text_column wpb_content_element\" >\n\t\t<div class=\"wpb_wrapper\">\n\t\t\t<h5><strong><b>Registration information<\/b><\/strong><\/h5>\n<p>&nbsp;<\/p>\n<p>Registreerides luuakse sulle automaatselt Vein &amp; Pintsel kliendi konto, kus saad t\u00fchistada ja organiseerida oma registreeritud \u00fcritust \/ \u00fcritusi. Sisselogimiseks m\u00e4\u00e4ratakse sulle kasutajanimi ja parool.<\/p>\n<p><strong>Simple, fun and stress-free experience!<\/strong><\/p>\n\n\t\t<\/div>\n\t<\/div>\n<div class=\"vc_separator wpb_content_element vc_separator_align_center vc_sep_width_100 vc_sep_pos_align_center vc_separator_no_text vc_sep_color_grey vc_custom_1538006780345 wpb_content_element  vc_custom_1538006780345 wpb_content_element\" ><span class=\"vc_sep_holder vc_sep_holder_l\"><span class=\"vc_sep_line\"><\/span><\/span><span class=\"vc_sep_holder vc_sep_holder_r\"><span class=\"vc_sep_line\"><\/span><\/span>\n<\/div>\n\t<div class=\"wpb_text_column wpb_content_element\" >\n\t\t<div class=\"wpb_wrapper\">\n\t\t\t<h5><strong><b>\u00dcRITUSE NIMI:<\/b><\/strong><\/h5>\n<h3>Avalik \u00fcritus &#8211; J\u00e4rve \u00e4\u00e4res (Vali oma v\u00e4rvid)<\/h3>\n<p>&nbsp;<\/p>\n<p><strong><b>Kuup\u00e4ev: <\/b><\/strong>Laup\u00e4ev, 10 August, 2019<\/p>\n<p><strong><b>Kellaaeg: <\/b><\/strong>18.00-20.00<\/p>\n<p><strong><b>Hind: <\/b><\/strong>\u20ac30 (hind \u00fche inimese kohta)<\/p>\n<p><strong><b>Kasutatavad v\u00e4rvid<\/b><\/strong>: Akr\u00fc\u00fclv\u00e4rvid<\/p>\n<p><strong><b>L\u00f5uendi suurus:<\/b><\/strong>\u00a040cmx50cm<\/p>\n<p><strong><b>Soovitatav vanus: 14+<\/b><\/strong><\/p>\n\n\t\t<\/div>\n\t<\/div>\n<div class=\"vc_separator wpb_content_element vc_separator_align_center vc_sep_width_100 vc_sep_pos_align_center vc_separator_no_text vc_sep_color_grey vc_custom_1538006780345 wpb_content_element  vc_custom_1538006780345 wpb_content_element\" ><span class=\"vc_sep_holder vc_sep_holder_l\"><span class=\"vc_sep_line\"><\/span><\/span><span class=\"vc_sep_holder vc_sep_holder_r\" ><span class=\"vc_sep_line\"><\/span><\/span>\n<\/div>\n\t<div class=\"wpb_text_column wpb_content_element\" >\n\t\t<div class=\"wpb_wrapper\">\n\t\t\t<h5><strong><b>LISAINFO SELLE KLASSI KOHTA<\/b><\/strong><\/h5>\n<p>&nbsp;<\/p>\n<p><strong>HIND SISALDAB:<\/strong><\/p>\n<ul>\n<li>Hind sisaldab juhendajat, tervitusjooki, l\u00f5uendit, v\u00e4rve, pintsleid ja k\u00f5ike muid vajalikke kunstitarbeid. Kohapeal pakume kergeid sn\u00e4kke ja v\u00e4rskenduseks vett. Valmis kunstiteose saab klient endaga kaasa. Orienteeruv kestus on 2-3 tundi.<\/li>\n<\/ul>\n<p>&nbsp;<\/p>\n<p><strong>ASUKOHT:<\/strong><\/p>\n<ul>\n<li>Vein &amp; Pintsel \u00a0asub Tallinna kesklinnas, Saarineni majas, aadressil V\u00e4ike-Karja 12, sissep\u00e4\u00e4suga V\u00e4ike-Karja t\u00e4nava sisehoovist. Vaata asukohta kaardil <a href=\"https:\/\/veinjapintsel.ee\/en\/venue\/vein-ja-pintsel\/\">SIIT<\/a>.<\/li>\n<\/ul>\n<p>&nbsp;<\/p>\n<p><strong>EELNEV REGISTREERIMINE SOOVITATUD:<\/strong><\/p>\n<ul>\n<li>K\u00fclalised peavad enne saabumist internetis registreerima. Kontrollige e-posti kinnitust. Kohapeal saab tasuda ainult sularahas. Samuti saate registreerida kui helistate meie stuudiosse. (Kohapeal registreerimata k\u00fclaliste kohad on piiratud, seega registreeri ette)<\/li>\n<\/ul>\n<p>&nbsp;<\/p>\n<p><strong>SAABUMISE AEG:<\/strong><\/p>\n<ul>\n<li>Meie kunstitund algab \u00f5igel ajal! Soovitame kohale tulla kuni 10min varem, et leida oma koht ja suudios ringi uudistada. Hilinenud saabujad j\u00e4\u00e4vad ilma t\u00e4htsatest juhenditest.<\/li>\n<\/ul>\n<p>&nbsp;<\/p>\n<p><strong>MIDA KAASA V\u00d5TTA:<\/strong><\/p>\n<ul>\n<li>V\u00f5ta kaasa hea tuju, soovi korral oma lemmik vein, \u00f5lle, siider v\u00f5i mittealkohoolne jook (kange alkohol ei ole lubatud) ja\/v\u00f5i kerged suupisted. Klaasid, pudeliavajad ja muu tarvilik on stuudios saadaval. NB! Peab olema 18+ et alkoholi tarbida.<\/li>\n<\/ul>\n<p>&nbsp;<\/p>\n<p><strong>REGISTREERIMISE T\u00dcHISTAMINE:<\/strong><\/p>\n<ul>\n<li>48 tundi v\u00f5i rohkem &#8211; klient saab raha tagasi.<\/li>\n<li>48 tundi v\u00f5i v\u00e4hem &#8211; klient saab stuudiokrediit.<\/li>\n<li>2 tundi v\u00f5i v\u00e4hem &#8211; puudub tagasimakse \/ krediit.<\/li>\n<\/ul>\n<p>&nbsp;<\/p>\n<p><em><span style=\"color: #ff0000;\">Vein &amp; Pintsel omab \u00f5igust t\u00fchistada klassid etten\u00e4gematutel asjaoludel ja\/v\u00f5i v\u00e4hese registreerimisega \u00fcritused. Tagasimaksed t\u00f6\u00f6deldakse 4 kalendrip\u00e4eva jooksul.<\/span><\/em><\/p>\n\n\t\t<\/div>\n\t<\/div>\n<\/div><\/div><\/div><\/div>\n<\/div>","protected":false},"excerpt":{"rendered":"<h5><strong><b>\u00dcRITUSE NIMI:<\/b><\/strong><\/h5>\n<h3>Avalik \u00fcritus &#8211; J\u00e4rve \u00e4\u00e4res (Vali oma v\u00e4rvid)<\/h3>\n<p>&nbsp;<\/p>\n<p><strong><b>Kuup\u00e4ev: <\/b><\/strong>Laup\u00e4ev, 10 August, 2019<\/p>\n<p><strong><b>Kellaaeg: <\/b><\/strong>18.00-20.00<\/p>\n<p><strong><b>Hind: <\/b><\/strong>\u20ac30 (hind \u00fche inimese kohta)<\/p>\n<p><strong><b>Kasutatavad v\u00e4rvid<\/b><\/strong>: Akr\u00fc\u00fclv\u00e4rvid<\/p>\n<p><strong><b>L\u00f5uendi suurus:<\/b><\/strong>\u00a040cmx50cm<\/p>\n<p><strong><b>Soovitatav vanus: 14+<\/b><\/strong><\/p>","protected":false},"featured_media":6741,"comment_status":"open","ping_status":"closed","template":"","meta":{"_exactmetrics_skip_tracking":false,"_exactmetrics_sitenote_active":false,"_exactmetrics_sitenote_note":"","_exactmetrics_sitenote_category":0},"product_brand":[],"product_cat":[92],"product_tag":[300,238],"class_list":{"0":"post-6742","1":"product","2":"type-product","3":"status-publish","4":"has-post-thumbnail","6":"product_cat-uritused","7":"product_tag-lake","8":"product_tag-nature","10":"first","11":"instock","12":"downloadable","13":"virtual","14":"taxable","15":"purchasable","16":"product-type-simple"},"yoast_head":"<!-- This site is optimized with the Yoast SEO plugin v27.3 - https:\/\/yoast.com\/product\/yoast-seo-wordpress\/ -->\n<title>AVALIK - J\u00e4rve \u00e4\u00e4res - Vein &amp; Pintsel<\/title>\n<meta name=\"robots\"  content=\"noindex, follow\" \/>\n<meta property=\"og:locale\"  content=\"en_US\" \/>\n<meta property=\"og:type\"  content=\"article\" \/>\n<meta property=\"og:title\"  content=\"AVALIK - J\u00e4rve \u00e4\u00e4res - Vein &amp; Pintsel\" \/>\n<meta property=\"og:description\"  content=\"\u00dcRITUSE NIMI: Avalik \u00fcritus - J\u00e4rve \u00e4\u00e4res (Vali oma v\u00e4rvid) &nbsp;  Kuup\u00e4ev: Laup\u00e4ev, 10 August, 2019  Kellaaeg: 18.00-20.00  Hind: \u20ac30 (hind \u00fche inimese kohta)  Kasutatavad v\u00e4rvid: Akr\u00fc\u00fclv\u00e4rvid  L\u00f5uendi suurus:\u00a040cmx50cm  Soovitatav vanus: 14+\" \/>\n<meta property=\"og:url\"  content=\"https:\/\/veinjapintsel.ee\/en\/product\/avalik-jarve-aares\/\" \/>\n<meta property=\"og:site_name\"  content=\"Vein &amp; Pintsel\" \/>\n<meta property=\"article:modified_time\"  content=\"2019-08-10T09:05:57+00:00\" \/>\n<meta property=\"og:image\"  content=\"https:\/\/veinjapintsel.ee\/wp-content\/uploads\/2019\/07\/jdjd.jpg\" \/>\n\t<meta property=\"og:image:width\" content=\"387\" \/>\n\t<meta property=\"og:image:height\" content=\"470\" \/>\n\t<meta property=\"og:image:type\" content=\"image\/jpeg\" \/>\n<meta name=\"twitter:card\" content=\"summary_large_image\" \/>\n<meta name=\"twitter:label1\" content=\"Est. reading time\" \/>\n\t<meta name=\"twitter:data1\" content=\"2 minutes\" \/>\n<script type=\"application\/ld+json\" class=\"yoast-schema-graph\">{\"@context\":\"https:\\\/\\\/schema.org\",\"@graph\":[{\"@type\":\"WebPage\",\"@id\":\"https:\\\/\\\/veinjapintsel.ee\\\/toode\\\/avalik-jarve-aares\\\/\",\"url\":\"https:\\\/\\\/veinjapintsel.ee\\\/toode\\\/avalik-jarve-aares\\\/\",\"name\":\"AVALIK - J\u00e4rve \u00e4\u00e4res - Vein &amp; Pintsel\",\"isPartOf\":{\"@id\":\"https:\\\/\\\/veinjapintsel.ee\\\/en\\\/#website\"},\"primaryImageOfPage\":{\"@id\":\"https:\\\/\\\/veinjapintsel.ee\\\/toode\\\/avalik-jarve-aares\\\/#primaryimage\"},\"image\":{\"@id\":\"https:\\\/\\\/veinjapintsel.ee\\\/toode\\\/avalik-jarve-aares\\\/#primaryimage\"},\"thumbnailUrl\":\"https:\\\/\\\/veinjapintsel.ee\\\/wp-content\\\/uploads\\\/2019\\\/07\\\/jdjd.jpg\",\"datePublished\":\"2019-07-10T18:14:26+00:00\",\"dateModified\":\"2019-08-10T09:05:57+00:00\",\"breadcrumb\":{\"@id\":\"https:\\\/\\\/veinjapintsel.ee\\\/toode\\\/avalik-jarve-aares\\\/#breadcrumb\"},\"inLanguage\":\"en-US\",\"potentialAction\":[{\"@type\":\"ReadAction\",\"target\":[\"https:\\\/\\\/veinjapintsel.ee\\\/toode\\\/avalik-jarve-aares\\\/\"]}]},{\"@type\":\"ImageObject\",\"inLanguage\":\"en-US\",\"@id\":\"https:\\\/\\\/veinjapintsel.ee\\\/toode\\\/avalik-jarve-aares\\\/#primaryimage\",\"url\":\"https:\\\/\\\/veinjapintsel.ee\\\/wp-content\\\/uploads\\\/2019\\\/07\\\/jdjd.jpg\",\"contentUrl\":\"https:\\\/\\\/veinjapintsel.ee\\\/wp-content\\\/uploads\\\/2019\\\/07\\\/jdjd.jpg\",\"width\":387,\"height\":470},{\"@type\":\"BreadcrumbList\",\"@id\":\"https:\\\/\\\/veinjapintsel.ee\\\/toode\\\/avalik-jarve-aares\\\/#breadcrumb\",\"itemListElement\":[{\"@type\":\"ListItem\",\"position\":1,\"name\":\"Home\",\"item\":\"https:\\\/\\\/veinjapintsel.ee\\\/en\\\/\"},{\"@type\":\"ListItem\",\"position\":2,\"name\":\"\u00dcritused\",\"item\":\"https:\\\/\\\/www.veinjapintsel.ee\\\/en\\\/uritused\\\/\"},{\"@type\":\"ListItem\",\"position\":3,\"name\":\"AVALIK &#8211; J\u00e4rve \u00e4\u00e4res\"}]},{\"@type\":\"WebSite\",\"@id\":\"https:\\\/\\\/veinjapintsel.ee\\\/en\\\/#website\",\"url\":\"https:\\\/\\\/veinjapintsel.ee\\\/en\\\/\",\"name\":\"Vein &amp; Pintsel\",\"description\":\"Lihtne, l\u00f5bus ja stressivaba elamus\",\"publisher\":{\"@id\":\"https:\\\/\\\/veinjapintsel.ee\\\/en\\\/#organization\"},\"potentialAction\":[{\"@type\":\"SearchAction\",\"target\":{\"@type\":\"EntryPoint\",\"urlTemplate\":\"https:\\\/\\\/veinjapintsel.ee\\\/en\\\/?s={search_term_string}\"},\"query-input\":{\"@type\":\"PropertyValueSpecification\",\"valueRequired\":true,\"valueName\":\"search_term_string\"}}],\"inLanguage\":\"en-US\"},{\"@type\":\"Organization\",\"@id\":\"https:\\\/\\\/veinjapintsel.ee\\\/en\\\/#organization\",\"name\":\"Vein & Pintsel\",\"url\":\"https:\\\/\\\/veinjapintsel.ee\\\/en\\\/\",\"logo\":{\"@type\":\"ImageObject\",\"inLanguage\":\"en-US\",\"@id\":\"https:\\\/\\\/veinjapintsel.ee\\\/en\\\/#\\\/schema\\\/logo\\\/image\\\/\",\"url\":\"http:\\\/\\\/www.veinjapintsel.ee\\\/wp-content\\\/uploads\\\/2017\\\/10\\\/veebisaidiikoon.jpg\",\"contentUrl\":\"http:\\\/\\\/www.veinjapintsel.ee\\\/wp-content\\\/uploads\\\/2017\\\/10\\\/veebisaidiikoon.jpg\",\"width\":512,\"height\":512,\"caption\":\"Vein & Pintsel\"},\"image\":{\"@id\":\"https:\\\/\\\/veinjapintsel.ee\\\/en\\\/#\\\/schema\\\/logo\\\/image\\\/\"}}]}<\/script>\n<!-- \/ Yoast SEO plugin. -->","yoast_head_json":{"title":"AVALIK - J\u00e4rve \u00e4\u00e4res - Vein &amp; Pintsel","robots":{"index":"noindex","follow":"follow"},"og_locale":"en_US","og_type":"article","og_title":"AVALIK - J\u00e4rve \u00e4\u00e4res - Vein &amp; Pintsel","og_description":"\u00dcRITUSE NIMI: Avalik \u00fcritus - J\u00e4rve \u00e4\u00e4res (Vali oma v\u00e4rvid) &nbsp;  Kuup\u00e4ev: Laup\u00e4ev, 10 August, 2019  Kellaaeg: 18.00-20.00  Hind: \u20ac30 (hind \u00fche inimese kohta)  Kasutatavad v\u00e4rvid: Akr\u00fc\u00fclv\u00e4rvid  L\u00f5uendi suurus:\u00a040cmx50cm  Soovitatav vanus: 14+","og_url":"https:\/\/veinjapintsel.ee\/en\/product\/avalik-jarve-aares\/","og_site_name":"Vein &amp; Pintsel","article_modified_time":"2019-08-10T09:05:57+00:00","og_image":[{"width":387,"height":470,"url":"https:\/\/veinjapintsel.ee\/wp-content\/uploads\/2019\/07\/jdjd.jpg","type":"image\/jpeg"}],"twitter_card":"summary_large_image","twitter_misc":{"Est. reading time":"2 minutes"},"schema":{"@context":"https:\/\/schema.org","@graph":[{"@type":"WebPage","@id":"https:\/\/veinjapintsel.ee\/toode\/avalik-jarve-aares\/","url":"https:\/\/veinjapintsel.ee\/toode\/avalik-jarve-aares\/","name":"AVALIK - J\u00e4rve \u00e4\u00e4res - Vein &amp; Pintsel","isPartOf":{"@id":"https:\/\/veinjapintsel.ee\/en\/#website"},"primaryImageOfPage":{"@id":"https:\/\/veinjapintsel.ee\/toode\/avalik-jarve-aares\/#primaryimage"},"image":{"@id":"https:\/\/veinjapintsel.ee\/toode\/avalik-jarve-aares\/#primaryimage"},"thumbnailUrl":"https:\/\/veinjapintsel.ee\/wp-content\/uploads\/2019\/07\/jdjd.jpg","datePublished":"2019-07-10T18:14:26+00:00","dateModified":"2019-08-10T09:05:57+00:00","breadcrumb":{"@id":"https:\/\/veinjapintsel.ee\/toode\/avalik-jarve-aares\/#breadcrumb"},"inLanguage":"en-US","potentialAction":[{"@type":"ReadAction","target":["https:\/\/veinjapintsel.ee\/toode\/avalik-jarve-aares\/"]}]},{"@type":"ImageObject","inLanguage":"en-US","@id":"https:\/\/veinjapintsel.ee\/toode\/avalik-jarve-aares\/#primaryimage","url":"https:\/\/veinjapintsel.ee\/wp-content\/uploads\/2019\/07\/jdjd.jpg","contentUrl":"https:\/\/veinjapintsel.ee\/wp-content\/uploads\/2019\/07\/jdjd.jpg","width":387,"height":470},{"@type":"BreadcrumbList","@id":"https:\/\/veinjapintsel.ee\/toode\/avalik-jarve-aares\/#breadcrumb","itemListElement":[{"@type":"ListItem","position":1,"name":"Home","item":"https:\/\/veinjapintsel.ee\/en\/"},{"@type":"ListItem","position":2,"name":"\u00dcritused","item":"https:\/\/www.veinjapintsel.ee\/en\/uritused\/"},{"@type":"ListItem","position":3,"name":"AVALIK &#8211; J\u00e4rve \u00e4\u00e4res"}]},{"@type":"WebSite","@id":"https:\/\/veinjapintsel.ee\/en\/#website","url":"https:\/\/veinjapintsel.ee\/en\/","name":"Vein &amp; Pintsel","description":"SIMPLE, FUN AND STRESS-FREE EXPERIENCE!","publisher":{"@id":"https:\/\/veinjapintsel.ee\/en\/#organization"},"potentialAction":[{"@type":"SearchAction","target":{"@type":"EntryPoint","urlTemplate":"https:\/\/veinjapintsel.ee\/en\/?s={search_term_string}"},"query-input":{"@type":"PropertyValueSpecification","valueRequired":true,"valueName":"search_term_string"}}],"inLanguage":"en-US"},{"@type":"Organization","@id":"https:\/\/veinjapintsel.ee\/en\/#organization","name":"Vein & Pintsel","url":"https:\/\/veinjapintsel.ee\/en\/","logo":{"@type":"ImageObject","inLanguage":"en-US","@id":"https:\/\/veinjapintsel.ee\/en\/#\/schema\/logo\/image\/","url":"http:\/\/www.veinjapintsel.ee\/wp-content\/uploads\/2017\/10\/veebisaidiikoon.jpg","contentUrl":"http:\/\/www.veinjapintsel.ee\/wp-content\/uploads\/2017\/10\/veebisaidiikoon.jpg","width":512,"height":512,"caption":"Vein & Pintsel"},"image":{"@id":"https:\/\/veinjapintsel.ee\/en\/#\/schema\/logo\/image\/"}}]}},"_links":{"self":[{"href":"https:\/\/veinjapintsel.ee\/en\/wp-json\/wp\/v2\/product\/6742","targetHints":{"allow":["GET"]}}],"collection":[{"href":"https:\/\/veinjapintsel.ee\/en\/wp-json\/wp\/v2\/product"}],"about":[{"href":"https:\/\/veinjapintsel.ee\/en\/wp-json\/wp\/v2\/types\/product"}],"replies":[{"embeddable":true,"href":"https:\/\/veinjapintsel.ee\/en\/wp-json\/wp\/v2\/comments?post=6742"}],"wp:featuredmedia":[{"embeddable":true,"href":"https:\/\/veinjapintsel.ee\/en\/wp-json\/wp\/v2\/media\/6741"}],"wp:attachment":[{"href":"https:\/\/veinjapintsel.ee\/en\/wp-json\/wp\/v2\/media?parent=6742"}],"wp:term":[{"taxonomy":"product_brand","embeddable":true,"href":"https:\/\/veinjapintsel.ee\/en\/wp-json\/wp\/v2\/product_brand?post=6742"},{"taxonomy":"product_cat","embeddable":true,"href":"https:\/\/veinjapintsel.ee\/en\/wp-json\/wp\/v2\/product_cat?post=6742"},{"taxonomy":"product_tag","embeddable":true,"href":"https:\/\/veinjapintsel.ee\/en\/wp-json\/wp\/v2\/product_tag?post=6742"}],"curies":[{"name":"wp","href":"https:\/\/api.w.org\/{rel}","templated":true}]}}