{"id":5741,"date":"2018-11-20T10:57:50","date_gmt":"2018-11-20T10:57:50","guid":{"rendered":"http:\/\/www.veinjapintsel.ee\/?post_type=product&#038;p=5741"},"modified":"2018-11-30T08:30:16","modified_gmt":"2018-11-30T08:30:16","slug":"sudamlik_cappuccino_broneeritud","status":"publish","type":"product","link":"https:\/\/veinjapintsel.ee\/en\/product\/sudamlik_cappuccino_broneeritud\/","title":{"rendered":"S\u00fcdamlik Cappuccino-BRONEERITUD"},"content":{"rendered":"<div class=\"wpb-content-wrapper\" ><div class=\"vc_row wpb_row vc_row-fluid\"><div class=\"wpb_column vc_column_container vc_col-sm-12\"><div class=\"vc_column-inner vc_custom_1538015756293\"><div class=\"wpb_wrapper\">\n\t<div class=\"wpb_text_column wpb_content_element\" >\n\t\t<div class=\"wpb_wrapper\">\n\t\t\t<h5><strong><b>Registration information<\/b><\/strong><\/h5>\n<p>&nbsp;<\/p>\n<p>Registreerides luuakse sulle automaatselt Vein &amp; Pintsel kliendi konto, kus saad t\u00fchistada ja organiseerida oma registreeritud \u00fcritust \/ \u00fcritusi. Sisselogimiseks m\u00e4\u00e4ratakse sulle kasutajanimi ja parool.<\/p>\n<p><strong>Simple, fun and stress-free experience!<\/strong><\/p>\n\n\t\t<\/div>\n\t<\/div>\n<div class=\"vc_separator wpb_content_element vc_separator_align_center vc_sep_width_100 vc_sep_pos_align_center vc_separator_no_text vc_sep_color_grey vc_custom_1538006780345 wpb_content_element  vc_custom_1538006780345 wpb_content_element\" ><span class=\"vc_sep_holder vc_sep_holder_l\"><span class=\"vc_sep_line\"><\/span><\/span><span class=\"vc_sep_holder vc_sep_holder_r\"><span class=\"vc_sep_line\"><\/span><\/span>\n<\/div>\n\t<div class=\"wpb_text_column wpb_content_element\" >\n\t\t<div class=\"wpb_wrapper\">\n\t\t\t<h5><strong><b>\u00dcRITUSE NIMI:<\/b><\/strong><\/h5>\n<h3>S\u00fcdamlik Cappuccino &#8211; BRONEERITUD<\/h3>\n<h3>Katariina &#8211; J\u00f5ulupidu<\/h3>\n<p>&nbsp;<\/p>\n<p><strong><b>Kuup\u00e4ev: <\/b><\/strong>Kolmap\u00e4ev, 5 Detsember, 2018<\/p>\n<p><strong><b>Kellaaeg:\u00a0<\/b><\/strong>18.00-20.30<\/p>\n\n\t\t<\/div>\n\t<\/div>\n<div class=\"vc_separator wpb_content_element vc_separator_align_center vc_sep_width_100 vc_sep_pos_align_center vc_separator_no_text vc_sep_color_grey vc_custom_1538006780345 wpb_content_element  vc_custom_1538006780345 wpb_content_element\" ><span class=\"vc_sep_holder vc_sep_holder_l\"><span class=\"vc_sep_line\"><\/span><\/span><span class=\"vc_sep_holder vc_sep_holder_r\" ><span class=\"vc_sep_line\"><\/span><\/span>\n<\/div>\n\t<div class=\"wpb_text_column wpb_content_element\" >\n\t\t<div class=\"wpb_wrapper\">\n\t\t\t<h5><strong><b>LISAINFO SELLE KLASSI KOHTA<\/b><\/strong><\/h5>\n<p>&nbsp;<\/p>\n<p><strong>HIND SISALDAB:<\/strong><\/p>\n<ul>\n<li>Hind sisaldab l\u00f5uendit, v\u00e4rve, pintsleid ja k\u00f5ike muid vajalikke kunstitarbeid. Kohapeal pakume veini ja v\u00e4rskenduseks vett. Valmis kunstiteose saab klient endaga kaasa. Orienteeruv kestus on 2-3 tundi.<\/li>\n<\/ul>\n<p>&nbsp;<\/p>\n<p><strong>ASUKOHT:<\/strong><\/p>\n<ul>\n<li>Vein &amp; Pintsel \u00a0asub Tallinna kesklinnas, aadressil V\u00e4ike-Karja 12, sissep\u00e4\u00e4suga V\u00e4ike-Karja t\u00e4nava sisehoovist. Vaata asukohta kaardil <a href=\"https:\/\/veinjapintsel.ee\/en\/venue\/vein-ja-pintsel\/\">SIIT<\/a>.<\/li>\n<\/ul>\n<p>&nbsp;<\/p>\n<p><strong>EELNEV REGISTREERIMINE SOOVITATAV:<\/strong><\/p>\n<ul>\n<li>K\u00fclalised peavad internetis registreerima ja tasuma enne\u00a0 saabumist. Kontrollige e-posti kinnitust. Samuti saate registreerida kui helistate meie stuudiosse. (Kohapeal registreerimata k\u00fclaliste kohad on piiratud, seega registreeri ette)<\/li>\n<\/ul>\n<p>&nbsp;<\/p>\n<p><strong>SAABUMISE AEG:<\/strong><\/p>\n<ul>\n<li>Meie kunstitund algab ja l\u00f5peb t\u00e4pselt \u00f5igel ajal! Soovitame kohale tulla kuni 15min varem, et leida oma koht ja ringi uudistada. Hilinenud saabujad j\u00e4\u00e4vad ilma t\u00e4htsatest juhenditest ja kui on hilinemine on enam kui 10min siis saabujal ei pruugi enam olla v\u00f5imalust v\u00e4rvida.<\/li>\n<\/ul>\n<p>&nbsp;<\/p>\n<p><strong>MIDA KAASA V\u00d5TTA:<\/strong><\/p>\n<ul>\n<li>V\u00f5ta kaasa hea tuju<\/li>\n<\/ul>\n<p>&nbsp;<\/p>\n<p><strong>REGISTREERIMISE T\u00dcHISTAMINE:<\/strong><\/p>\n<ul>\n<li>48 tundi v\u00f5i rohkem &#8211; klient saab raha tagasi.<\/li>\n<li>48 tundi v\u00f5i v\u00e4hem &#8211; klient saab stuudiokrediit.<\/li>\n<li>4 tundi v\u00f5i v\u00e4hem &#8211; puudub tagasimakse \/ krediit.<\/li>\n<\/ul>\n<p>&nbsp;<\/p>\n<p><em><span style=\"color: #ff0000;\">Vein &amp; Pintsel omab \u00f5igust t\u00fchistada klassid etten\u00e4gematutel asjaoludel ja\/v\u00f5i v\u00e4hese registreerimisega \u00fcritused. Tagasimaksed t\u00f6\u00f6deldakse 14 kalendrip\u00e4eva jooksul.<\/span><\/em><\/p>\n\n\t\t<\/div>\n\t<\/div>\n<\/div><\/div><\/div><\/div>\n<\/div>","protected":false},"excerpt":{"rendered":"<h5><strong><b>\u00dcRITUSE NIMI:<\/b><\/strong><\/h5>\n<h3>S\u00fcdamlik Cappuccino &#8211; BRONEERITUD<\/h3>\n<h3>Katariina &#8211; J\u00f5ulupidu<\/h3>\n<p>&nbsp;<\/p>\n<p><strong><b>Kuup\u00e4ev: <\/b><\/strong>Kolmap\u00e4ev, 5 Detsember, 2018<\/p>\n<p><strong><b>Kellaaeg:\u00a0<\/b><\/strong>18.00-20.30<\/p>","protected":false},"featured_media":5762,"comment_status":"open","ping_status":"closed","template":"","meta":{"_exactmetrics_skip_tracking":false,"_exactmetrics_sitenote_active":false,"_exactmetrics_sitenote_note":"","_exactmetrics_sitenote_category":0},"product_brand":[],"product_cat":[92],"product_tag":[192,151],"class_list":{"0":"post-5741","1":"product","2":"type-product","3":"status-publish","4":"has-post-thumbnail","6":"product_cat-uritused","7":"product_tag-broneeritud","8":"product_tag-joulupidu","10":"first","11":"instock","12":"downloadable","13":"virtual","14":"taxable","15":"product-type-simple"},"yoast_head":"<!-- This site is optimized with the Yoast SEO plugin v27.3 - https:\/\/yoast.com\/product\/yoast-seo-wordpress\/ -->\n<title>S\u00fcdamlik Cappuccino-BRONEERITUD - Vein &amp; Pintsel<\/title>\n<meta name=\"robots\"  content=\"noindex, follow\" \/>\n<meta property=\"og:locale\"  content=\"en_US\" \/>\n<meta property=\"og:type\"  content=\"article\" \/>\n<meta property=\"og:title\"  content=\"S\u00fcdamlik Cappuccino-BRONEERITUD - Vein &amp; Pintsel\" \/>\n<meta property=\"og:description\"  content=\"\u00dcRITUSE NIMI: S\u00fcdamlik Cappuccino - BRONEERITUD Katariina - J\u00f5ulupidu &nbsp;  Kuup\u00e4ev: Kolmap\u00e4ev, 5 Detsember, 2018  Kellaaeg:\u00a018.00-20.30\" \/>\n<meta property=\"og:url\"  content=\"https:\/\/veinjapintsel.ee\/en\/product\/sudamlik_cappuccino_broneeritud\/\" \/>\n<meta property=\"og:site_name\"  content=\"Vein &amp; Pintsel\" \/>\n<meta property=\"article:modified_time\"  content=\"2018-11-30T08:30:16+00:00\" \/>\n<meta property=\"og:image\"  content=\"https:\/\/veinjapintsel.ee\/wp-content\/uploads\/2018\/11\/VP-55.jpg\" \/>\n\t<meta property=\"og:image:width\" content=\"791\" \/>\n\t<meta property=\"og:image:height\" content=\"586\" \/>\n\t<meta property=\"og:image:type\" content=\"image\/jpeg\" \/>\n<meta name=\"twitter:card\" content=\"summary_large_image\" \/>\n<meta name=\"twitter:label1\" content=\"Est. reading time\" \/>\n\t<meta name=\"twitter:data1\" content=\"2 minutes\" \/>\n<script type=\"application\/ld+json\" class=\"yoast-schema-graph\">{\"@context\":\"https:\\\/\\\/schema.org\",\"@graph\":[{\"@type\":\"WebPage\",\"@id\":\"https:\\\/\\\/veinjapintsel.ee\\\/toode\\\/sudamlik_cappuccino_broneeritud\\\/\",\"url\":\"https:\\\/\\\/veinjapintsel.ee\\\/toode\\\/sudamlik_cappuccino_broneeritud\\\/\",\"name\":\"S\u00fcdamlik Cappuccino-BRONEERITUD - Vein &amp; Pintsel\",\"isPartOf\":{\"@id\":\"https:\\\/\\\/veinjapintsel.ee\\\/#website\"},\"primaryImageOfPage\":{\"@id\":\"https:\\\/\\\/veinjapintsel.ee\\\/toode\\\/sudamlik_cappuccino_broneeritud\\\/#primaryimage\"},\"image\":{\"@id\":\"https:\\\/\\\/veinjapintsel.ee\\\/toode\\\/sudamlik_cappuccino_broneeritud\\\/#primaryimage\"},\"thumbnailUrl\":\"https:\\\/\\\/veinjapintsel.ee\\\/wp-content\\\/uploads\\\/2018\\\/11\\\/VP-55.jpg\",\"datePublished\":\"2018-11-20T10:57:50+00:00\",\"dateModified\":\"2018-11-30T08:30:16+00:00\",\"breadcrumb\":{\"@id\":\"https:\\\/\\\/veinjapintsel.ee\\\/toode\\\/sudamlik_cappuccino_broneeritud\\\/#breadcrumb\"},\"inLanguage\":\"en-US\",\"potentialAction\":[{\"@type\":\"ReadAction\",\"target\":[\"https:\\\/\\\/veinjapintsel.ee\\\/toode\\\/sudamlik_cappuccino_broneeritud\\\/\"]}]},{\"@type\":\"ImageObject\",\"inLanguage\":\"en-US\",\"@id\":\"https:\\\/\\\/veinjapintsel.ee\\\/toode\\\/sudamlik_cappuccino_broneeritud\\\/#primaryimage\",\"url\":\"https:\\\/\\\/veinjapintsel.ee\\\/wp-content\\\/uploads\\\/2018\\\/11\\\/VP-55.jpg\",\"contentUrl\":\"https:\\\/\\\/veinjapintsel.ee\\\/wp-content\\\/uploads\\\/2018\\\/11\\\/VP-55.jpg\",\"width\":791,\"height\":586},{\"@type\":\"BreadcrumbList\",\"@id\":\"https:\\\/\\\/veinjapintsel.ee\\\/toode\\\/sudamlik_cappuccino_broneeritud\\\/#breadcrumb\",\"itemListElement\":[{\"@type\":\"ListItem\",\"position\":1,\"name\":\"Home\",\"item\":\"https:\\\/\\\/veinjapintsel.ee\\\/\"},{\"@type\":\"ListItem\",\"position\":2,\"name\":\"\u00dcritused\",\"item\":\"https:\\\/\\\/www.veinjapintsel.ee\\\/en\\\/uritused\\\/\"},{\"@type\":\"ListItem\",\"position\":3,\"name\":\"S\u00fcdamlik Cappuccino-BRONEERITUD\"}]},{\"@type\":\"WebSite\",\"@id\":\"https:\\\/\\\/veinjapintsel.ee\\\/#website\",\"url\":\"https:\\\/\\\/veinjapintsel.ee\\\/\",\"name\":\"Vein &amp; Pintsel\",\"description\":\"Lihtne, l\u00f5bus ja stressivaba elamus\",\"publisher\":{\"@id\":\"https:\\\/\\\/veinjapintsel.ee\\\/#organization\"},\"potentialAction\":[{\"@type\":\"SearchAction\",\"target\":{\"@type\":\"EntryPoint\",\"urlTemplate\":\"https:\\\/\\\/veinjapintsel.ee\\\/?s={search_term_string}\"},\"query-input\":{\"@type\":\"PropertyValueSpecification\",\"valueRequired\":true,\"valueName\":\"search_term_string\"}}],\"inLanguage\":\"en-US\"},{\"@type\":\"Organization\",\"@id\":\"https:\\\/\\\/veinjapintsel.ee\\\/#organization\",\"name\":\"Vein & Pintsel\",\"url\":\"https:\\\/\\\/veinjapintsel.ee\\\/\",\"logo\":{\"@type\":\"ImageObject\",\"inLanguage\":\"en-US\",\"@id\":\"https:\\\/\\\/veinjapintsel.ee\\\/#\\\/schema\\\/logo\\\/image\\\/\",\"url\":\"http:\\\/\\\/www.veinjapintsel.ee\\\/wp-content\\\/uploads\\\/2017\\\/10\\\/veebisaidiikoon.jpg\",\"contentUrl\":\"http:\\\/\\\/www.veinjapintsel.ee\\\/wp-content\\\/uploads\\\/2017\\\/10\\\/veebisaidiikoon.jpg\",\"width\":512,\"height\":512,\"caption\":\"Vein & Pintsel\"},\"image\":{\"@id\":\"https:\\\/\\\/veinjapintsel.ee\\\/#\\\/schema\\\/logo\\\/image\\\/\"}}]}<\/script>\n<!-- \/ Yoast SEO plugin. -->","yoast_head_json":{"title":"S\u00fcdamlik Cappuccino-BRONEERITUD - Vein &amp; Pintsel","robots":{"index":"noindex","follow":"follow"},"og_locale":"en_US","og_type":"article","og_title":"S\u00fcdamlik Cappuccino-BRONEERITUD - Vein &amp; Pintsel","og_description":"\u00dcRITUSE NIMI: S\u00fcdamlik Cappuccino - BRONEERITUD Katariina - J\u00f5ulupidu &nbsp;  Kuup\u00e4ev: Kolmap\u00e4ev, 5 Detsember, 2018  Kellaaeg:\u00a018.00-20.30","og_url":"https:\/\/veinjapintsel.ee\/en\/product\/sudamlik_cappuccino_broneeritud\/","og_site_name":"Vein &amp; Pintsel","article_modified_time":"2018-11-30T08:30:16+00:00","og_image":[{"width":791,"height":586,"url":"https:\/\/veinjapintsel.ee\/wp-content\/uploads\/2018\/11\/VP-55.jpg","type":"image\/jpeg"}],"twitter_card":"summary_large_image","twitter_misc":{"Est. reading time":"2 minutes"},"schema":{"@context":"https:\/\/schema.org","@graph":[{"@type":"WebPage","@id":"https:\/\/veinjapintsel.ee\/toode\/sudamlik_cappuccino_broneeritud\/","url":"https:\/\/veinjapintsel.ee\/toode\/sudamlik_cappuccino_broneeritud\/","name":"S\u00fcdamlik Cappuccino-BRONEERITUD - Vein &amp; Pintsel","isPartOf":{"@id":"https:\/\/veinjapintsel.ee\/#website"},"primaryImageOfPage":{"@id":"https:\/\/veinjapintsel.ee\/toode\/sudamlik_cappuccino_broneeritud\/#primaryimage"},"image":{"@id":"https:\/\/veinjapintsel.ee\/toode\/sudamlik_cappuccino_broneeritud\/#primaryimage"},"thumbnailUrl":"https:\/\/veinjapintsel.ee\/wp-content\/uploads\/2018\/11\/VP-55.jpg","datePublished":"2018-11-20T10:57:50+00:00","dateModified":"2018-11-30T08:30:16+00:00","breadcrumb":{"@id":"https:\/\/veinjapintsel.ee\/toode\/sudamlik_cappuccino_broneeritud\/#breadcrumb"},"inLanguage":"en-US","potentialAction":[{"@type":"ReadAction","target":["https:\/\/veinjapintsel.ee\/toode\/sudamlik_cappuccino_broneeritud\/"]}]},{"@type":"ImageObject","inLanguage":"en-US","@id":"https:\/\/veinjapintsel.ee\/toode\/sudamlik_cappuccino_broneeritud\/#primaryimage","url":"https:\/\/veinjapintsel.ee\/wp-content\/uploads\/2018\/11\/VP-55.jpg","contentUrl":"https:\/\/veinjapintsel.ee\/wp-content\/uploads\/2018\/11\/VP-55.jpg","width":791,"height":586},{"@type":"BreadcrumbList","@id":"https:\/\/veinjapintsel.ee\/toode\/sudamlik_cappuccino_broneeritud\/#breadcrumb","itemListElement":[{"@type":"ListItem","position":1,"name":"Home","item":"https:\/\/veinjapintsel.ee\/"},{"@type":"ListItem","position":2,"name":"\u00dcritused","item":"https:\/\/www.veinjapintsel.ee\/en\/uritused\/"},{"@type":"ListItem","position":3,"name":"S\u00fcdamlik Cappuccino-BRONEERITUD"}]},{"@type":"WebSite","@id":"https:\/\/veinjapintsel.ee\/#website","url":"https:\/\/veinjapintsel.ee\/","name":"Vein &amp; Pintsel","description":"SIMPLE, FUN AND STRESS-FREE EXPERIENCE!","publisher":{"@id":"https:\/\/veinjapintsel.ee\/#organization"},"potentialAction":[{"@type":"SearchAction","target":{"@type":"EntryPoint","urlTemplate":"https:\/\/veinjapintsel.ee\/?s={search_term_string}"},"query-input":{"@type":"PropertyValueSpecification","valueRequired":true,"valueName":"search_term_string"}}],"inLanguage":"en-US"},{"@type":"Organization","@id":"https:\/\/veinjapintsel.ee\/#organization","name":"Vein & Pintsel","url":"https:\/\/veinjapintsel.ee\/","logo":{"@type":"ImageObject","inLanguage":"en-US","@id":"https:\/\/veinjapintsel.ee\/#\/schema\/logo\/image\/","url":"http:\/\/www.veinjapintsel.ee\/wp-content\/uploads\/2017\/10\/veebisaidiikoon.jpg","contentUrl":"http:\/\/www.veinjapintsel.ee\/wp-content\/uploads\/2017\/10\/veebisaidiikoon.jpg","width":512,"height":512,"caption":"Vein & Pintsel"},"image":{"@id":"https:\/\/veinjapintsel.ee\/#\/schema\/logo\/image\/"}}]}},"_links":{"self":[{"href":"https:\/\/veinjapintsel.ee\/en\/wp-json\/wp\/v2\/product\/5741","targetHints":{"allow":["GET"]}}],"collection":[{"href":"https:\/\/veinjapintsel.ee\/en\/wp-json\/wp\/v2\/product"}],"about":[{"href":"https:\/\/veinjapintsel.ee\/en\/wp-json\/wp\/v2\/types\/product"}],"replies":[{"embeddable":true,"href":"https:\/\/veinjapintsel.ee\/en\/wp-json\/wp\/v2\/comments?post=5741"}],"wp:featuredmedia":[{"embeddable":true,"href":"https:\/\/veinjapintsel.ee\/en\/wp-json\/wp\/v2\/media\/5762"}],"wp:attachment":[{"href":"https:\/\/veinjapintsel.ee\/en\/wp-json\/wp\/v2\/media?parent=5741"}],"wp:term":[{"taxonomy":"product_brand","embeddable":true,"href":"https:\/\/veinjapintsel.ee\/en\/wp-json\/wp\/v2\/product_brand?post=5741"},{"taxonomy":"product_cat","embeddable":true,"href":"https:\/\/veinjapintsel.ee\/en\/wp-json\/wp\/v2\/product_cat?post=5741"},{"taxonomy":"product_tag","embeddable":true,"href":"https:\/\/veinjapintsel.ee\/en\/wp-json\/wp\/v2\/product_tag?post=5741"}],"curies":[{"name":"wp","href":"https:\/\/api.w.org\/{rel}","templated":true}]}}