{"id":5348,"date":"2018-09-27T01:30:22","date_gmt":"2018-09-27T01:30:22","guid":{"rendered":"http:\/\/www.veinjapintsel.ee\/?post_type=product&#038;p=5348"},"modified":"2018-09-27T03:38:41","modified_gmt":"2018-09-27T03:38:41","slug":"kastekann-lilledega","status":"publish","type":"product","link":"https:\/\/veinjapintsel.ee\/en\/product\/kastekann-lilledega\/","title":{"rendered":"Kastekann lilledega"},"content":{"rendered":"<div class=\"wpb-content-wrapper\" ><div class=\"vc_row wpb_row vc_row-fluid\"><div class=\"wpb_column vc_column_container vc_col-sm-12\"><div class=\"vc_column-inner vc_custom_1538008711933\"><div class=\"wpb_wrapper\">\n\t<div class=\"wpb_text_column wpb_content_element\" >\n\t\t<div class=\"wpb_wrapper\">\n\t\t\t<h5><strong><b>Registration information<\/b><\/strong><\/h5>\n<p>Registreerides luuakse sulle automaatselt Vein &amp; Pintsel kliendi konto, kus saad t\u00fchistada ja organiseerida oma registreeritud \u00fcritust \/ \u00fcritusi. Sisselogimiseks m\u00e4\u00e4ratakse sulle kasutajanimi ja parool.<\/p>\n<p><strong>Simple, fun and stress-free experience!<\/strong><\/p>\n\n\t\t<\/div>\n\t<\/div>\n<div class=\"vc_separator wpb_content_element vc_separator_align_center vc_sep_width_100 vc_sep_pos_align_center vc_separator_no_text vc_sep_color_grey vc_custom_1538006780345 wpb_content_element  vc_custom_1538006780345 wpb_content_element\" ><span class=\"vc_sep_holder vc_sep_holder_l\"><span class=\"vc_sep_line\"><\/span><\/span><span class=\"vc_sep_holder vc_sep_holder_r\"><span class=\"vc_sep_line\"><\/span><\/span>\n<\/div>\n\t<div class=\"wpb_text_column wpb_content_element\" >\n\t\t<div class=\"wpb_wrapper\">\n\t\t\t<h5><strong><b>\u00dcRITUSE NIMI:<\/b><\/strong><\/h5>\n<h3><strong><b>Kastekann Lilledega<\/b><\/strong><\/h3>\n<p>&nbsp;<\/p>\n<p><strong><b>Juhendaja: Ave<\/b><\/strong><\/p>\n<p><strong><b>Kuup\u00e4ev:\u00a0<\/b><\/strong>Laup\u00e4ev, 6 Oktoober, 2018<\/p>\n<p><strong><b>Kellaaeg:\u00a0<\/b><\/strong>18.00-20.00<\/p>\n<p><strong><b>Hind<\/b><\/strong>: Tavahind \u20ac30 &#8211; <span style=\"color: #ff0000;\" >Avamiskuu erihind \u20ac27.00<\/span> (hind \u00fche inimese kohta)<\/p>\n<p><strong>Piletite kogus<\/strong>: 15<\/p>\n<p><strong><b>Kasutatavad v\u00e4rvid<\/b><\/strong>: Akr\u00fc\u00fclv\u00e4rvid<\/p>\n<p><strong><b>L\u00f5uendi suurus:<\/b><\/strong>\u00a040cmx50cm<\/p>\n<p><strong><b>Soovitatav vanus: 18+<\/b><\/strong><\/p>\n\n\t\t<\/div>\n\t<\/div>\n<div class=\"vc_separator wpb_content_element vc_separator_align_center vc_sep_width_100 vc_sep_pos_align_center vc_separator_no_text vc_sep_color_grey vc_custom_1538006780345 wpb_content_element  vc_custom_1538006780345 wpb_content_element\" ><span class=\"vc_sep_holder vc_sep_holder_l\"><span class=\"vc_sep_line\"><\/span><\/span><span class=\"vc_sep_holder vc_sep_holder_r\"><span class=\"vc_sep_line\"><\/span><\/span>\n<\/div>\n\t<div class=\"wpb_text_column wpb_content_element\" >\n\t\t<div class=\"wpb_wrapper\">\n\t\t\t<h5><strong><b>LISAINFO SELLE KLASSI KOHTA<\/b><\/strong><\/h5>\n<p>&nbsp;<\/p>\n<p><strong>HIND SISALDAB:<\/strong><\/p>\n<ul>\n<li>Hind sisaldab l\u00f5uendit, v\u00e4rve, pintsleid ja k\u00f5ike muid vajalikke kunstitarbeid. Kohapeal pakume veini ja v\u00e4rskenduseks vett. Valmis kunstiteose saab klient endaga kaasa. Orienteeruv kestus on 2-3 tundi.<\/li>\n<\/ul>\n<p>&nbsp;<\/p>\n<p><strong>ASUKOHT:<\/strong><\/p>\n<ul>\n<li>Vein &amp; Pintsel \u00a0asub Tallinna kesklinnas, aadressil V\u00e4ike-Karja 12, sissep\u00e4\u00e4suga V\u00e4ike-Karja t\u00e4nava sisehoovist. Vaata asukohta kaardil <a href=\"https:\/\/veinjapintsel.ee\/en\/venue\/vein-ja-pintsel\/\">SIIT<\/a>.<\/li>\n<\/ul>\n<p>&nbsp;<\/p>\n<p><strong>EELNEV REGISTREERIMINE N\u00d5UTUD:<\/strong><\/p>\n<ul>\n<li>K\u00fclalised peavad internetis registreerima ja tasuma enne stuudiosse saabumist. Kontrollige e-posti kinnitust. Samuti saate registreerida kui helistate meie stuudiosse. (Kohapeal registreerimata k\u00fclaliste kohad on piiratud, seega registreeri ette) Stuudios vaatlejad ei ole lubatud.<\/li>\n<\/ul>\n<p>&nbsp;<\/p>\n<p><strong>SAABUMISE AEG:<\/strong><\/p>\n<ul>\n<li>Meie kunstitund algab ja l\u00f5peb t\u00e4pselt \u00f5igel ajal! Soovitame kohale tulla kuni 15min varem, et leida oma koht ja suudios ringi uudistada.Hilinenud saabujad j\u00e4\u00e4vad ilma t\u00e4htsatest juhenditest ja kui on hilinemine on enam kui 10min siis saabujal ei pruugi enam olla v\u00f5imalust v\u00e4rvida.<\/li>\n<\/ul>\n<p>&nbsp;<\/p>\n<p><strong>MIDA KAASA V\u00d5TTA:<\/strong><\/p>\n<ul>\n<li>V\u00f5ta kaasa hea tuju, soovi korral oma lemmik vein, \u00f5lle, siider v\u00f5i mittealkohoolne jook (kange alkohol ei ole lubatud) ja\/v\u00f5i kerged suupisted. Klaasid, pudeliavajad ja muud tarvilik on stuudios saadaval. NB! Peab olema 18+ et alkoholi tarbida.<\/li>\n<\/ul>\n<p>&nbsp;<\/p>\n<p><strong>SOOVID S\u00d5BRA K\u00d5RVAL ISTUDA:<\/strong><\/p>\n<ul>\n<li>Vali ja kirjuta s\u00f5bra nimi kellega soovid k\u00f5rvuti istuda spetsiaalselt etten\u00e4htud taotlusv\u00e4ljas, et tagada, et olete k\u00f5ik koos! Klassiajal koha muutmine ei ole garanteeritud.<\/li>\n<\/ul>\n<p>&nbsp;<\/p>\n<p><strong>REGISTREERIMISE T\u00dcHISTAMINE:<\/strong><\/p>\n<ul>\n<li>48 tundi v\u00f5i rohkem &#8211; klient saab raha tagasi.<\/li>\n<li>48 tundi v\u00f5i v\u00e4hem &#8211; klient saab stuudiokrediit.<\/li>\n<li>4 tundi v\u00f5i v\u00e4hem &#8211; puudub tagasimakse \/ krediit.<\/li>\n<\/ul>\n<p>&nbsp;<\/p>\n<p><em><span style=\"color: #ff0000;\">Vein &amp; Pintsel omab \u00f5igust t\u00fchistada klassid etten\u00e4gematutel asjaoludel ja\/v\u00f5i v\u00e4hese registreerimisega \u00fcritused. Tagasimaksed t\u00f6\u00f6deldakse 14 kalendrip\u00e4eva jooksul.<\/span><\/em><\/p>\n\n\t\t<\/div>\n\t<\/div>\n<\/div><\/div><\/div><\/div>\n<\/div>","protected":false},"excerpt":{"rendered":"<h5><strong><b>\u00dcRITUSE NIMI:<\/b><\/strong><\/h5>\n<h3><strong><b>Kastekann Lilledega<\/b><\/strong><\/h3>\n<p>&nbsp;<\/p>\n<p><strong><b>Juhendaja: Ave<\/b><\/strong><\/p>\n<p><strong><b>Kuup\u00e4ev:\u00a0<\/b><\/strong>Laup\u00e4ev, 6 Oktoober, 2018<\/p>\n<p><strong><b>Kellaaeg:\u00a0<\/b><\/strong>18.00-20.00<\/p>\n<p><strong><b>Hind<\/b><\/strong>: Tavahind \u20ac30 &#8211; <span style=\"color: #ff0000;\" >Avamiskuu erihind \u20ac27.00<\/span> (hind \u00fche inimese kohta)<\/p>\n<p><strong>Piletite kogus<\/strong>: 15<\/p>\n<p><strong><b>Kasutatavad v\u00e4rvid<\/b><\/strong>: Akr\u00fc\u00fclv\u00e4rvid<\/p>\n<p><strong><b>L\u00f5uendi suurus:<\/b><\/strong>\u00a040cmx50cm<\/p>\n<p><strong><b>Soovitatav vanus: 18+<\/b><\/strong><\/p>","protected":false},"featured_media":5351,"comment_status":"open","ping_status":"closed","template":"","meta":{"_exactmetrics_skip_tracking":false,"_exactmetrics_sitenote_active":false,"_exactmetrics_sitenote_note":"","_exactmetrics_sitenote_category":0},"product_brand":[],"product_cat":[92],"product_tag":[114,115],"class_list":{"0":"post-5348","1":"product","2":"type-product","3":"status-publish","4":"has-post-thumbnail","6":"product_cat-uritused","7":"product_tag-kastekann","8":"product_tag-lilledega","10":"first","11":"instock","12":"sale","13":"downloadable","14":"virtual","15":"taxable","16":"purchasable","17":"product-type-simple"},"yoast_head":"<!-- This site is optimized with the Yoast SEO plugin v27.3 - https:\/\/yoast.com\/product\/yoast-seo-wordpress\/ -->\n<title>Kastekann lilledega - Vein &amp; Pintsel<\/title>\n<meta name=\"robots\"  content=\"noindex, follow\" \/>\n<meta property=\"og:locale\"  content=\"en_US\" \/>\n<meta property=\"og:type\"  content=\"article\" \/>\n<meta property=\"og:title\"  content=\"Kastekann lilledega - Vein &amp; Pintsel\" \/>\n<meta property=\"og:description\"  content=\"\u00dcRITUSE NIMI: Kastekann Lilledega &nbsp;  Juhendaja: Ave  Kuup\u00e4ev:\u00a0Laup\u00e4ev, 6 Oktoober, 2018  Kellaaeg:\u00a018.00-20.00  Hind: Tavahind \u20ac30 - Avamiskuu erihind \u20ac27.00 (hind \u00fche inimese kohta)  Piletite kogus: 15  Kasutatavad v\u00e4rvid: Akr\u00fc\u00fclv\u00e4rvid  L\u00f5uendi suurus:\u00a040cmx50cm  Soovitatav vanus: 18+\" \/>\n<meta property=\"og:url\"  content=\"https:\/\/www.veinjapintsel.ee\/en\/product\/kastekann-lilledega\/\" \/>\n<meta property=\"og:site_name\"  content=\"Vein &amp; Pintsel\" \/>\n<meta property=\"article:modified_time\"  content=\"2018-09-27T03:38:41+00:00\" \/>\n<meta property=\"og:image\"  content=\"https:\/\/veinjapintsel.ee\/wp-content\/uploads\/2018\/09\/kastekann-lilledega.jpg\" \/>\n\t<meta property=\"og:image:width\" content=\"376\" \/>\n\t<meta property=\"og:image:height\" content=\"471\" \/>\n\t<meta property=\"og:image:type\" content=\"image\/jpeg\" \/>\n<meta name=\"twitter:card\" content=\"summary_large_image\" \/>\n<meta name=\"twitter:label1\" content=\"Est. reading time\" \/>\n\t<meta name=\"twitter:data1\"  content=\"2 minutes\"  \/>\n<script type=\"application\/ld+json\"  class=\"yoast-schema-graph\">{\"@context\":\"https:\\\/\\\/schema.org\",\"@graph\":[{\"@type\":\"WebPage\",\"@id\":\"https:\\\/\\\/www.veinjapintsel.ee\\\/en\\\/product\\\/kastekann-lilledega\\\/\",\"url\":\"https:\\\/\\\/www.veinjapintsel.ee\\\/en\\\/product\\\/kastekann-lilledega\\\/\",\"name\":\"Kastekann lilledega - Vein &amp; Pintsel\",\"isPartOf\":{\"@id\":\"https:\\\/\\\/veinjapintsel.ee\\\/#website\"},\"primaryImageOfPage\":{\"@id\":\"https:\\\/\\\/www.veinjapintsel.ee\\\/en\\\/product\\\/kastekann-lilledega\\\/#primaryimage\"},\"image\":{\"@id\":\"https:\\\/\\\/www.veinjapintsel.ee\\\/en\\\/product\\\/kastekann-lilledega\\\/#primaryimage\"},\"thumbnailUrl\":\"https:\\\/\\\/veinjapintsel.ee\\\/wp-content\\\/uploads\\\/2018\\\/09\\\/kastekann-lilledega.jpg\",\"datePublished\":\"2018-09-27T01:30:22+00:00\",\"dateModified\":\"2018-09-27T03:38:41+00:00\",\"breadcrumb\":{\"@id\":\"https:\\\/\\\/www.veinjapintsel.ee\\\/en\\\/product\\\/kastekann-lilledega\\\/#breadcrumb\"},\"inLanguage\":\"en-US\",\"potentialAction\":[{\"@type\":\"ReadAction\",\"target\":[\"https:\\\/\\\/www.veinjapintsel.ee\\\/en\\\/product\\\/kastekann-lilledega\\\/\"]}]},{\"@type\":\"ImageObject\",\"inLanguage\":\"en-US\",\"@id\":\"https:\\\/\\\/www.veinjapintsel.ee\\\/en\\\/product\\\/kastekann-lilledega\\\/#primaryimage\",\"url\":\"https:\\\/\\\/veinjapintsel.ee\\\/wp-content\\\/uploads\\\/2018\\\/09\\\/kastekann-lilledega.jpg\",\"contentUrl\":\"https:\\\/\\\/veinjapintsel.ee\\\/wp-content\\\/uploads\\\/2018\\\/09\\\/kastekann-lilledega.jpg\",\"width\":376,\"height\":471},{\"@type\":\"BreadcrumbList\",\"@id\":\"https:\\\/\\\/www.veinjapintsel.ee\\\/en\\\/product\\\/kastekann-lilledega\\\/#breadcrumb\",\"itemListElement\":[{\"@type\":\"ListItem\",\"position\":1,\"name\":\"Home\",\"item\":\"https:\\\/\\\/veinjapintsel.ee\\\/\"},{\"@type\":\"ListItem\",\"position\":2,\"name\":\"\u00dcritused\",\"item\":\"https:\\\/\\\/www.veinjapintsel.ee\\\/en\\\/uritused\\\/\"},{\"@type\":\"ListItem\",\"position\":3,\"name\":\"Kastekann lilledega\"}]},{\"@type\":\"WebSite\",\"@id\":\"https:\\\/\\\/veinjapintsel.ee\\\/#website\",\"url\":\"https:\\\/\\\/veinjapintsel.ee\\\/\",\"name\":\"Vein &amp; Pintsel\",\"description\":\"Lihtne, l\u00f5bus ja stressivaba elamus\",\"publisher\":{\"@id\":\"https:\\\/\\\/veinjapintsel.ee\\\/#organization\"},\"potentialAction\":[{\"@type\":\"SearchAction\",\"target\":{\"@type\":\"EntryPoint\",\"urlTemplate\":\"https:\\\/\\\/veinjapintsel.ee\\\/?s={search_term_string}\"},\"query-input\":{\"@type\":\"PropertyValueSpecification\",\"valueRequired\":true,\"valueName\":\"search_term_string\"}}],\"inLanguage\":\"en-US\"},{\"@type\":\"Organization\",\"@id\":\"https:\\\/\\\/veinjapintsel.ee\\\/#organization\",\"name\":\"Vein & Pintsel\",\"url\":\"https:\\\/\\\/veinjapintsel.ee\\\/\",\"logo\":{\"@type\":\"ImageObject\",\"inLanguage\":\"en-US\",\"@id\":\"https:\\\/\\\/veinjapintsel.ee\\\/#\\\/schema\\\/logo\\\/image\\\/\",\"url\":\"http:\\\/\\\/www.veinjapintsel.ee\\\/wp-content\\\/uploads\\\/2017\\\/10\\\/veebisaidiikoon.jpg\",\"contentUrl\":\"http:\\\/\\\/www.veinjapintsel.ee\\\/wp-content\\\/uploads\\\/2017\\\/10\\\/veebisaidiikoon.jpg\",\"width\":512,\"height\":512,\"caption\":\"Vein & Pintsel\"},\"image\":{\"@id\":\"https:\\\/\\\/veinjapintsel.ee\\\/#\\\/schema\\\/logo\\\/image\\\/\"}}]}<\/script>\n<!-- \/ Yoast SEO plugin. -->","yoast_head_json":{"title":"Kastekann lilledega - Vein &amp; Pintsel","robots":{"index":"noindex","follow":"follow"},"og_locale":"en_US","og_type":"article","og_title":"Kastekann lilledega - Vein &amp; Pintsel","og_description":"\u00dcRITUSE NIMI: Kastekann Lilledega &nbsp;  Juhendaja: Ave  Kuup\u00e4ev:\u00a0Laup\u00e4ev, 6 Oktoober, 2018  Kellaaeg:\u00a018.00-20.00  Hind: Tavahind \u20ac30 - Avamiskuu erihind \u20ac27.00 (hind \u00fche inimese kohta)  Piletite kogus: 15  Kasutatavad v\u00e4rvid: Akr\u00fc\u00fclv\u00e4rvid  L\u00f5uendi suurus:\u00a040cmx50cm  Soovitatav vanus: 18+","og_url":"https:\/\/www.veinjapintsel.ee\/en\/product\/kastekann-lilledega\/","og_site_name":"Vein &amp; Pintsel","article_modified_time":"2018-09-27T03:38:41+00:00","og_image":[{"width":376,"height":471,"url":"https:\/\/veinjapintsel.ee\/wp-content\/uploads\/2018\/09\/kastekann-lilledega.jpg","type":"image\/jpeg"}],"twitter_card":"summary_large_image","twitter_misc":{"Est. reading time":"2 minutes"},"schema":{"@context":"https:\/\/schema.org","@graph":[{"@type":"WebPage","@id":"https:\/\/www.veinjapintsel.ee\/en\/product\/kastekann-lilledega\/","url":"https:\/\/www.veinjapintsel.ee\/en\/product\/kastekann-lilledega\/","name":"Kastekann lilledega - Vein &amp; Pintsel","isPartOf":{"@id":"https:\/\/veinjapintsel.ee\/#website"},"primaryImageOfPage":{"@id":"https:\/\/www.veinjapintsel.ee\/en\/product\/kastekann-lilledega\/#primaryimage"},"image":{"@id":"https:\/\/www.veinjapintsel.ee\/en\/product\/kastekann-lilledega\/#primaryimage"},"thumbnailUrl":"https:\/\/veinjapintsel.ee\/wp-content\/uploads\/2018\/09\/kastekann-lilledega.jpg","datePublished":"2018-09-27T01:30:22+00:00","dateModified":"2018-09-27T03:38:41+00:00","breadcrumb":{"@id":"https:\/\/www.veinjapintsel.ee\/en\/product\/kastekann-lilledega\/#breadcrumb"},"inLanguage":"en-US","potentialAction":[{"@type":"ReadAction","target":["https:\/\/www.veinjapintsel.ee\/en\/product\/kastekann-lilledega\/"]}]},{"@type":"ImageObject","inLanguage":"en-US","@id":"https:\/\/www.veinjapintsel.ee\/en\/product\/kastekann-lilledega\/#primaryimage","url":"https:\/\/veinjapintsel.ee\/wp-content\/uploads\/2018\/09\/kastekann-lilledega.jpg","contentUrl":"https:\/\/veinjapintsel.ee\/wp-content\/uploads\/2018\/09\/kastekann-lilledega.jpg","width":376,"height":471},{"@type":"BreadcrumbList","@id":"https:\/\/www.veinjapintsel.ee\/en\/product\/kastekann-lilledega\/#breadcrumb","itemListElement":[{"@type":"ListItem","position":1,"name":"Home","item":"https:\/\/veinjapintsel.ee\/"},{"@type":"ListItem","position":2,"name":"\u00dcritused","item":"https:\/\/www.veinjapintsel.ee\/en\/uritused\/"},{"@type":"ListItem","position":3,"name":"Kastekann lilledega"}]},{"@type":"WebSite","@id":"https:\/\/veinjapintsel.ee\/#website","url":"https:\/\/veinjapintsel.ee\/","name":"Vein &amp; Pintsel","description":"SIMPLE, FUN AND STRESS-FREE EXPERIENCE!","publisher":{"@id":"https:\/\/veinjapintsel.ee\/#organization"},"potentialAction":[{"@type":"SearchAction","target":{"@type":"EntryPoint","urlTemplate":"https:\/\/veinjapintsel.ee\/?s={search_term_string}"},"query-input":{"@type":"PropertyValueSpecification","valueRequired":true,"valueName":"search_term_string"}}],"inLanguage":"en-US"},{"@type":"Organization","@id":"https:\/\/veinjapintsel.ee\/#organization","name":"Vein & Pintsel","url":"https:\/\/veinjapintsel.ee\/","logo":{"@type":"ImageObject","inLanguage":"en-US","@id":"https:\/\/veinjapintsel.ee\/#\/schema\/logo\/image\/","url":"http:\/\/www.veinjapintsel.ee\/wp-content\/uploads\/2017\/10\/veebisaidiikoon.jpg","contentUrl":"http:\/\/www.veinjapintsel.ee\/wp-content\/uploads\/2017\/10\/veebisaidiikoon.jpg","width":512,"height":512,"caption":"Vein & Pintsel"},"image":{"@id":"https:\/\/veinjapintsel.ee\/#\/schema\/logo\/image\/"}}]}},"_links":{"self":[{"href":"https:\/\/veinjapintsel.ee\/en\/wp-json\/wp\/v2\/product\/5348","targetHints":{"allow":["GET"]}}],"collection":[{"href":"https:\/\/veinjapintsel.ee\/en\/wp-json\/wp\/v2\/product"}],"about":[{"href":"https:\/\/veinjapintsel.ee\/en\/wp-json\/wp\/v2\/types\/product"}],"replies":[{"embeddable":true,"href":"https:\/\/veinjapintsel.ee\/en\/wp-json\/wp\/v2\/comments?post=5348"}],"wp:featuredmedia":[{"embeddable":true,"href":"https:\/\/veinjapintsel.ee\/en\/wp-json\/wp\/v2\/media\/5351"}],"wp:attachment":[{"href":"https:\/\/veinjapintsel.ee\/en\/wp-json\/wp\/v2\/media?parent=5348"}],"wp:term":[{"taxonomy":"product_brand","embeddable":true,"href":"https:\/\/veinjapintsel.ee\/en\/wp-json\/wp\/v2\/product_brand?post=5348"},{"taxonomy":"product_cat","embeddable":true,"href":"https:\/\/veinjapintsel.ee\/en\/wp-json\/wp\/v2\/product_cat?post=5348"},{"taxonomy":"product_tag","embeddable":true,"href":"https:\/\/veinjapintsel.ee\/en\/wp-json\/wp\/v2\/product_tag?post=5348"}],"curies":[{"name":"wp","href":"https:\/\/api.w.org\/{rel}","templated":true}]}}