{"id":33755,"date":"2025-02-21T08:43:42","date_gmt":"2025-02-21T06:43:42","guid":{"rendered":"https:\/\/veinjapintsel.ee\/?post_type=product&#038;p=33755"},"modified":"2025-02-21T08:46:57","modified_gmt":"2025-02-21T06:46:57","slug":"akruulmaal-naine-6","status":"publish","type":"product","link":"https:\/\/veinjapintsel.ee\/en\/product\/akruulmaal-naine-6\/","title":{"rendered":"AKR\u00dc\u00dcLMAAL &#8211; NAINE"},"content":{"rendered":"","protected":false},"excerpt":{"rendered":"<h3><span style=\"color: #993300;\" >&#8220;AKR\u00dc\u00dcL\u00adMAAL &#8211; NAINE&#8221;<\/span><\/h3>\n<p><strong>Asukoht:<\/strong> Vein &amp; Pintsel stuudio aadressil V\u00e4ike-Karja 12, Tallinn, 10140<\/p>\n<p style=\"text-align: left;\"><strong><b>Hind<\/b><\/strong>: \u20ac45<br \/>\n<strong><b>V\u00e4rvid<\/b><\/strong>: Akr\u00fc\u00fclv\u00e4rvid<br \/>\n<strong><b>L\u00f5uendi suurus:<\/b><\/strong>\u00a040cmx50cm<\/p>","protected":false},"featured_media":33753,"comment_status":"open","ping_status":"closed","template":"","meta":{"_exactmetrics_skip_tracking":false,"_exactmetrics_sitenote_active":false,"_exactmetrics_sitenote_note":"","_exactmetrics_sitenote_category":0},"product_brand":[],"product_cat":[389,392],"product_tag":[303,327],"class_list":{"0":"post-33755","1":"product","2":"type-product","3":"status-publish","4":"has-post-thumbnail","6":"product_cat-maalide-muuk","7":"product_cat-akruulmaalid","8":"product_tag-acrylic","9":"product_tag-kunst","11":"first","12":"instock","13":"featured","14":"taxable","15":"shipping-taxable","16":"purchasable","17":"product-type-simple"},"yoast_head":"<!-- This site is optimized with the Yoast SEO plugin v27.3 - https:\/\/yoast.com\/product\/yoast-seo-wordpress\/ -->\n<title>AKR\u00dc\u00dcLMAAL - NAINE - Vein &amp; Pintsel<\/title>\n<meta name=\"robots\"  content=\"noindex, follow\" \/>\n<meta property=\"og:locale\"  content=\"en_US\" \/>\n<meta property=\"og:type\"  content=\"article\" \/>\n<meta property=\"og:title\"  content=\"AKR\u00dc\u00dcLMAAL - NAINE - Vein &amp; Pintsel\" \/>\n<meta property=\"og:description\"  content=\"&quot;AKR\u00dc\u00dcL\u00adMAAL - NAINE&quot; Asukoht: Vein &amp; Pintsel stuudio aadressil V\u00e4ike-Karja 12, Tallinn, 10140 Hind: \u20ac45 V\u00e4rvid: Akr\u00fc\u00fclv\u00e4rvid L\u00f5uendi suurus:\u00a040cmx50cm\" \/>\n<meta property=\"og:url\"  content=\"https:\/\/veinjapintsel.ee\/en\/product\/akruulmaal-naine-6\/\" \/>\n<meta property=\"og:site_name\"  content=\"Vein &amp; Pintsel\" \/>\n<meta property=\"article:modified_time\"  content=\"2025-02-21T06:46:57+00:00\" \/>\n<meta property=\"og:image\"  content=\"https:\/\/www.veinjapintsel.ee\/wp-content\/uploads\/2025\/02\/akruulmaal-naine-vein-ja-pintsel-20240918-195227-M.jpg\" \/>\n\t<meta property=\"og:image:width\" content=\"768\" \/>\n\t<meta property=\"og:image:height\" content=\"869\" \/>\n\t<meta property=\"og:image:type\" content=\"image\/jpeg\" \/>\n<meta name=\"twitter:card\" content=\"summary_large_image\" \/>\n<script type=\"application\/ld+json\" class=\"yoast-schema-graph\">{\"@context\":\"https:\\\/\\\/schema.org\",\"@graph\":[{\"@type\":\"WebPage\",\"@id\":\"https:\\\/\\\/veinjapintsel.ee\\\/toode\\\/akruulmaal-naine-6\\\/\",\"url\":\"https:\\\/\\\/veinjapintsel.ee\\\/toode\\\/akruulmaal-naine-6\\\/\",\"name\":\"AKR\u00dc\u00dcLMAAL - NAINE - Vein &amp; Pintsel\",\"isPartOf\":{\"@id\":\"https:\\\/\\\/www.veinjapintsel.ee\\\/en\\\/#website\"},\"primaryImageOfPage\":{\"@id\":\"https:\\\/\\\/veinjapintsel.ee\\\/toode\\\/akruulmaal-naine-6\\\/#primaryimage\"},\"image\":{\"@id\":\"https:\\\/\\\/veinjapintsel.ee\\\/toode\\\/akruulmaal-naine-6\\\/#primaryimage\"},\"thumbnailUrl\":\"https:\\\/\\\/veinjapintsel.ee\\\/wp-content\\\/uploads\\\/2025\\\/02\\\/akruulmaal-naine-vein-ja-pintsel-20240918-195227-M.jpg\",\"datePublished\":\"2025-02-21T06:43:42+00:00\",\"dateModified\":\"2025-02-21T06:46:57+00:00\",\"breadcrumb\":{\"@id\":\"https:\\\/\\\/veinjapintsel.ee\\\/toode\\\/akruulmaal-naine-6\\\/#breadcrumb\"},\"inLanguage\":\"en-US\",\"potentialAction\":[{\"@type\":\"ReadAction\",\"target\":[\"https:\\\/\\\/veinjapintsel.ee\\\/toode\\\/akruulmaal-naine-6\\\/\"]}]},{\"@type\":\"ImageObject\",\"inLanguage\":\"en-US\",\"@id\":\"https:\\\/\\\/veinjapintsel.ee\\\/toode\\\/akruulmaal-naine-6\\\/#primaryimage\",\"url\":\"https:\\\/\\\/veinjapintsel.ee\\\/wp-content\\\/uploads\\\/2025\\\/02\\\/akruulmaal-naine-vein-ja-pintsel-20240918-195227-M.jpg\",\"contentUrl\":\"https:\\\/\\\/veinjapintsel.ee\\\/wp-content\\\/uploads\\\/2025\\\/02\\\/akruulmaal-naine-vein-ja-pintsel-20240918-195227-M.jpg\",\"width\":768,\"height\":869,\"caption\":\"Akr\u00fc\u00fclmaal naine - Vein & Pintsel\"},{\"@type\":\"BreadcrumbList\",\"@id\":\"https:\\\/\\\/veinjapintsel.ee\\\/toode\\\/akruulmaal-naine-6\\\/#breadcrumb\",\"itemListElement\":[{\"@type\":\"ListItem\",\"position\":1,\"name\":\"Home\",\"item\":\"https:\\\/\\\/www.veinjapintsel.ee\\\/en\\\/\"},{\"@type\":\"ListItem\",\"position\":2,\"name\":\"\u00dcritused\",\"item\":\"https:\\\/\\\/www.veinjapintsel.ee\\\/en\\\/uritused\\\/\"},{\"@type\":\"ListItem\",\"position\":3,\"name\":\"AKR\u00dc\u00dcLMAAL &#8211; NAINE\"}]},{\"@type\":\"WebSite\",\"@id\":\"https:\\\/\\\/www.veinjapintsel.ee\\\/en\\\/#website\",\"url\":\"https:\\\/\\\/www.veinjapintsel.ee\\\/en\\\/\",\"name\":\"Vein &amp; Pintsel\",\"description\":\"Lihtne, l\u00f5bus ja stressivaba elamus\",\"publisher\":{\"@id\":\"https:\\\/\\\/www.veinjapintsel.ee\\\/en\\\/#organization\"},\"potentialAction\":[{\"@type\":\"SearchAction\",\"target\":{\"@type\":\"EntryPoint\",\"urlTemplate\":\"https:\\\/\\\/www.veinjapintsel.ee\\\/en\\\/?s={search_term_string}\"},\"query-input\":{\"@type\":\"PropertyValueSpecification\",\"valueRequired\":true,\"valueName\":\"search_term_string\"}}],\"inLanguage\":\"en-US\"},{\"@type\":\"Organization\",\"@id\":\"https:\\\/\\\/www.veinjapintsel.ee\\\/en\\\/#organization\",\"name\":\"Vein & Pintsel\",\"url\":\"https:\\\/\\\/www.veinjapintsel.ee\\\/en\\\/\",\"logo\":{\"@type\":\"ImageObject\",\"inLanguage\":\"en-US\",\"@id\":\"https:\\\/\\\/www.veinjapintsel.ee\\\/en\\\/#\\\/schema\\\/logo\\\/image\\\/\",\"url\":\"http:\\\/\\\/www.veinjapintsel.ee\\\/wp-content\\\/uploads\\\/2017\\\/10\\\/veebisaidiikoon.jpg\",\"contentUrl\":\"http:\\\/\\\/www.veinjapintsel.ee\\\/wp-content\\\/uploads\\\/2017\\\/10\\\/veebisaidiikoon.jpg\",\"width\":512,\"height\":512,\"caption\":\"Vein & Pintsel\"},\"image\":{\"@id\":\"https:\\\/\\\/www.veinjapintsel.ee\\\/en\\\/#\\\/schema\\\/logo\\\/image\\\/\"}}]}<\/script>\n<!-- \/ Yoast SEO plugin. -->","yoast_head_json":{"title":"AKR\u00dc\u00dcLMAAL - NAINE - Vein &amp; Pintsel","robots":{"index":"noindex","follow":"follow"},"og_locale":"en_US","og_type":"article","og_title":"AKR\u00dc\u00dcLMAAL - NAINE - Vein &amp; Pintsel","og_description":"\"AKR\u00dc\u00dcL\u00adMAAL - NAINE\" Asukoht: Vein &amp; Pintsel stuudio aadressil V\u00e4ike-Karja 12, Tallinn, 10140 Hind: \u20ac45 V\u00e4rvid: Akr\u00fc\u00fclv\u00e4rvid L\u00f5uendi suurus:\u00a040cmx50cm","og_url":"https:\/\/veinjapintsel.ee\/en\/product\/akruulmaal-naine-6\/","og_site_name":"Vein &amp; Pintsel","article_modified_time":"2025-02-21T06:46:57+00:00","og_image":[{"width":768,"height":869,"url":"https:\/\/www.veinjapintsel.ee\/wp-content\/uploads\/2025\/02\/akruulmaal-naine-vein-ja-pintsel-20240918-195227-M.jpg","type":"image\/jpeg"}],"twitter_card":"summary_large_image","schema":{"@context":"https:\/\/schema.org","@graph":[{"@type":"WebPage","@id":"https:\/\/veinjapintsel.ee\/toode\/akruulmaal-naine-6\/","url":"https:\/\/veinjapintsel.ee\/toode\/akruulmaal-naine-6\/","name":"AKR\u00dc\u00dcLMAAL - NAINE - Vein &amp; Pintsel","isPartOf":{"@id":"https:\/\/www.veinjapintsel.ee\/en\/#website"},"primaryImageOfPage":{"@id":"https:\/\/veinjapintsel.ee\/toode\/akruulmaal-naine-6\/#primaryimage"},"image":{"@id":"https:\/\/veinjapintsel.ee\/toode\/akruulmaal-naine-6\/#primaryimage"},"thumbnailUrl":"https:\/\/veinjapintsel.ee\/wp-content\/uploads\/2025\/02\/akruulmaal-naine-vein-ja-pintsel-20240918-195227-M.jpg","datePublished":"2025-02-21T06:43:42+00:00","dateModified":"2025-02-21T06:46:57+00:00","breadcrumb":{"@id":"https:\/\/veinjapintsel.ee\/toode\/akruulmaal-naine-6\/#breadcrumb"},"inLanguage":"en-US","potentialAction":[{"@type":"ReadAction","target":["https:\/\/veinjapintsel.ee\/toode\/akruulmaal-naine-6\/"]}]},{"@type":"ImageObject","inLanguage":"en-US","@id":"https:\/\/veinjapintsel.ee\/toode\/akruulmaal-naine-6\/#primaryimage","url":"https:\/\/veinjapintsel.ee\/wp-content\/uploads\/2025\/02\/akruulmaal-naine-vein-ja-pintsel-20240918-195227-M.jpg","contentUrl":"https:\/\/veinjapintsel.ee\/wp-content\/uploads\/2025\/02\/akruulmaal-naine-vein-ja-pintsel-20240918-195227-M.jpg","width":768,"height":869,"caption":"Akr\u00fc\u00fclmaal naine - Vein & Pintsel"},{"@type":"BreadcrumbList","@id":"https:\/\/veinjapintsel.ee\/toode\/akruulmaal-naine-6\/#breadcrumb","itemListElement":[{"@type":"ListItem","position":1,"name":"Home","item":"https:\/\/www.veinjapintsel.ee\/en\/"},{"@type":"ListItem","position":2,"name":"\u00dcritused","item":"https:\/\/www.veinjapintsel.ee\/en\/uritused\/"},{"@type":"ListItem","position":3,"name":"AKR\u00dc\u00dcLMAAL &#8211; NAINE"}]},{"@type":"WebSite","@id":"https:\/\/www.veinjapintsel.ee\/en\/#website","url":"https:\/\/www.veinjapintsel.ee\/en\/","name":"Vein &amp; Pintsel","description":"SIMPLE, FUN AND STRESS-FREE EXPERIENCE!","publisher":{"@id":"https:\/\/www.veinjapintsel.ee\/en\/#organization"},"potentialAction":[{"@type":"SearchAction","target":{"@type":"EntryPoint","urlTemplate":"https:\/\/www.veinjapintsel.ee\/en\/?s={search_term_string}"},"query-input":{"@type":"PropertyValueSpecification","valueRequired":true,"valueName":"search_term_string"}}],"inLanguage":"en-US"},{"@type":"Organization","@id":"https:\/\/www.veinjapintsel.ee\/en\/#organization","name":"Vein & Pintsel","url":"https:\/\/www.veinjapintsel.ee\/en\/","logo":{"@type":"ImageObject","inLanguage":"en-US","@id":"https:\/\/www.veinjapintsel.ee\/en\/#\/schema\/logo\/image\/","url":"http:\/\/www.veinjapintsel.ee\/wp-content\/uploads\/2017\/10\/veebisaidiikoon.jpg","contentUrl":"http:\/\/www.veinjapintsel.ee\/wp-content\/uploads\/2017\/10\/veebisaidiikoon.jpg","width":512,"height":512,"caption":"Vein & Pintsel"},"image":{"@id":"https:\/\/www.veinjapintsel.ee\/en\/#\/schema\/logo\/image\/"}}]}},"_links":{"self":[{"href":"https:\/\/veinjapintsel.ee\/en\/wp-json\/wp\/v2\/product\/33755","targetHints":{"allow":["GET"]}}],"collection":[{"href":"https:\/\/veinjapintsel.ee\/en\/wp-json\/wp\/v2\/product"}],"about":[{"href":"https:\/\/veinjapintsel.ee\/en\/wp-json\/wp\/v2\/types\/product"}],"replies":[{"embeddable":true,"href":"https:\/\/veinjapintsel.ee\/en\/wp-json\/wp\/v2\/comments?post=33755"}],"wp:featuredmedia":[{"embeddable":true,"href":"https:\/\/veinjapintsel.ee\/en\/wp-json\/wp\/v2\/media\/33753"}],"wp:attachment":[{"href":"https:\/\/veinjapintsel.ee\/en\/wp-json\/wp\/v2\/media?parent=33755"}],"wp:term":[{"taxonomy":"product_brand","embeddable":true,"href":"https:\/\/veinjapintsel.ee\/en\/wp-json\/wp\/v2\/product_brand?post=33755"},{"taxonomy":"product_cat","embeddable":true,"href":"https:\/\/veinjapintsel.ee\/en\/wp-json\/wp\/v2\/product_cat?post=33755"},{"taxonomy":"product_tag","embeddable":true,"href":"https:\/\/veinjapintsel.ee\/en\/wp-json\/wp\/v2\/product_tag?post=33755"}],"curies":[{"name":"wp","href":"https:\/\/api.w.org\/{rel}","templated":true}]}}