{"id":14781,"date":"2020-04-20T13:40:58","date_gmt":"2020-04-20T10:40:58","guid":{"rendered":"http:\/\/www.veinjapintsel.ee\/?post_type=product&#038;p=14781"},"modified":"2020-05-02T14:04:04","modified_gmt":"2020-05-02T11:04:04","slug":"emadepaeva-maalikomplekt","status":"publish","type":"product","link":"https:\/\/veinjapintsel.ee\/en\/product\/emadepaeva-maalikomplekt\/","title":{"rendered":"EMADEP\u00c4EVA MAALIKOMPLEKT"},"content":{"rendered":"<div class=\"wpb-content-wrapper\" ><div class=\"vc_row wpb_row vc_row-fluid\"><div class=\"wpb_column vc_column_container vc_col-sm-12\"><div class=\"vc_column-inner vc_custom_1538015756293\"><div class=\"wpb_wrapper\">\n\t<div class=\"wpb_text_column wpb_content_element\" >\n\t\t<div class=\"wpb_wrapper\">\n\t\t\t<h3><span style=\"color: #993300;\">&#8220;EMADEP\u00c4EVA MAALIKOMPLEKT&#8221;<\/span><\/h3>\n<p>&nbsp;<\/p>\n<p><strong>Asukoht:<\/strong> Mugavalt oma kodus<\/p>\n<p style=\"text-align: left;\"><b>Komplekt \u00fchele<\/b>: \u20ac30\u00a0 (hind \u00fche komplekti kohta)<\/p>\n<p><b>Komplekt kahele<\/b>: \u20ac55\u00a0 (Ostukorvis kasuta sooduskoodi &#8220;EMA2020&#8221;)<\/p>\n<p style=\"text-align: left;\"><strong><b>V\u00e4rvid<\/b><\/strong>: Akr\u00fc\u00fclv\u00e4rvid (vali oma v\u00e4rvid)<br \/>\n<strong><b>L\u00f5uendi suurus:<\/b><\/strong> 40cm x 50cm<\/p>\n\n\t\t<\/div>\n\t<\/div>\n<div class=\"vc_separator wpb_content_element vc_separator_align_center vc_sep_width_100 vc_sep_pos_align_center vc_separator_no_text vc_sep_color_grey vc_custom_1538006780345 wpb_content_element  vc_custom_1538006780345 wpb_content_element\" ><span class=\"vc_sep_holder vc_sep_holder_l\"><span class=\"vc_sep_line\"><\/span><\/span><span class=\"vc_sep_holder vc_sep_holder_r\"><span class=\"vc_sep_line\"><\/span><\/span>\n<\/div>\n\t<div class=\"wpb_text_column wpb_content_element\" >\n\t\t<div class=\"wpb_wrapper\">\n\t\t\t<h5><strong><b>LISAINFO SELLE KLASSI KOHTA<\/b><\/strong><\/h5>\n<p>&nbsp;<\/p>\n<p><strong>HIND SISALDAB:<\/strong><\/p>\n<ul>\n<li>Hind sisaldab video linki koos samm-sammult juhendamisega, l\u00f5uendit, v\u00e4rve, pintsleid ja k\u00f5ike muid vajalikke kunstitarbeid. Orienteeruv kestus on 2-2.5 tundi.<\/li>\n<\/ul>\n<p>&nbsp;<\/p>\n<p><strong>ASUKOHT:<\/strong><\/p>\n<ul>\n<li>Mugavalt oma kodus<\/li>\n<\/ul>\n\n\t\t<\/div>\n\t<\/div>\n<\/div><\/div><\/div><\/div>\n<\/div>","protected":false},"excerpt":{"rendered":"<h3><span style=\"color: #993300;\"  >&#8220;EMADEP\u00c4EVA MAALIKOMPLEKT&#8221;<\/span><\/h3>\n<p>&nbsp;<\/p>\n<p><strong>Asukoht:<\/strong> Mugavalt oma kodus<\/p>\n<p style=\"text-align: left;\"><b>Komplekt \u00fchele<\/b>: \u20ac30\u00a0 (hind \u00fche komplekti kohta)<\/p>\n<p><b>Komplekt kahele<\/b>: \u20ac55\u00a0 (Ostukorvis kasuta sooduskoodi &#8220;EMA2020&#8221;)<\/p>\n<p style=\"text-align: left;\"><strong><b>V\u00e4rvid<\/b><\/strong>: Akr\u00fc\u00fclv\u00e4rvid (vali oma v\u00e4rvid)<br \/>\n<strong><b>L\u00f5uendi suurus:<\/b><\/strong> 40cm x 50cm<\/p>","protected":false},"featured_media":0,"comment_status":"open","ping_status":"closed","template":"","meta":{"_exactmetrics_skip_tracking":false,"_exactmetrics_sitenote_active":false,"_exactmetrics_sitenote_note":"","_exactmetrics_sitenote_category":0},"product_brand":[],"product_cat":[92],"product_tag":[303,345],"class_list":{"0":"post-14781","1":"product","2":"type-product","3":"status-publish","5":"product_cat-uritused","6":"product_tag-acrylic","7":"product_tag-akruul","9":"first","10":"instock","11":"downloadable","12":"virtual","13":"taxable","14":"purchasable","15":"product-type-simple"},"yoast_head":"<!-- This site is optimized with the Yoast SEO plugin v27.3 - https:\/\/yoast.com\/product\/yoast-seo-wordpress\/ -->\n<title>EMADEP\u00c4EVA MAALIKOMPLEKT - Vein &amp; Pintsel<\/title>\n<meta name=\"robots\"  content=\"noindex, follow\" \/>\n<meta property=\"og:locale\"  content=\"en_US\" \/>\n<meta property=\"og:type\"  content=\"article\" \/>\n<meta property=\"og:title\"  content=\"EMADEP\u00c4EVA MAALIKOMPLEKT - Vein &amp; Pintsel\" \/>\n<meta property=\"og:description\"  content=\"&quot;EMADEP\u00c4EVA MAALIKOMPLEKT&quot; &nbsp;  Asukoht: Mugavalt oma kodus Komplekt \u00fchele: \u20ac30\u00a0 (hind \u00fche komplekti kohta) Komplekt kahele: \u20ac55\u00a0 (Ostukorvis kasuta sooduskoodi &quot;EMA2020&quot;) V\u00e4rvid: Akr\u00fc\u00fclv\u00e4rvid (vali oma v\u00e4rvid) L\u00f5uendi suurus: 40cm x 50cm\" \/>\n<meta property=\"og:url\"  content=\"https:\/\/www.veinjapintsel.ee\/en\/product\/emadepaeva-maalikomplekt\/\" \/>\n<meta property=\"og:site_name\"  content=\"Vein &amp; Pintsel\" \/>\n<meta property=\"article:modified_time\"  content=\"2020-05-02T11:04:04+00:00\" \/>\n<meta name=\"twitter:card\"  content=\"summary_large_image\" \/>\n<meta name=\"twitter:label1\" content=\"Est. reading time\" \/>\n\t<meta name=\"twitter:data1\" content=\"1 minute\" \/>\n<script type=\"application\/ld+json\" class=\"yoast-schema-graph\">{\"@context\":\"https:\\\/\\\/schema.org\",\"@graph\":[{\"@type\":\"WebPage\",\"@id\":\"https:\\\/\\\/www.veinjapintsel.ee\\\/en\\\/product\\\/emadepaeva-maalikomplekt\\\/\",\"url\":\"https:\\\/\\\/www.veinjapintsel.ee\\\/en\\\/product\\\/emadepaeva-maalikomplekt\\\/\",\"name\":\"EMADEP\u00c4EVA MAALIKOMPLEKT - Vein &amp; Pintsel\",\"isPartOf\":{\"@id\":\"https:\\\/\\\/www.veinjapintsel.ee\\\/en\\\/#website\"},\"datePublished\":\"2020-04-20T10:40:58+00:00\",\"dateModified\":\"2020-05-02T11:04:04+00:00\",\"breadcrumb\":{\"@id\":\"https:\\\/\\\/www.veinjapintsel.ee\\\/en\\\/product\\\/emadepaeva-maalikomplekt\\\/#breadcrumb\"},\"inLanguage\":\"en-US\",\"potentialAction\":[{\"@type\":\"ReadAction\",\"target\":[\"https:\\\/\\\/www.veinjapintsel.ee\\\/en\\\/product\\\/emadepaeva-maalikomplekt\\\/\"]}]},{\"@type\":\"BreadcrumbList\",\"@id\":\"https:\\\/\\\/www.veinjapintsel.ee\\\/en\\\/product\\\/emadepaeva-maalikomplekt\\\/#breadcrumb\",\"itemListElement\":[{\"@type\":\"ListItem\",\"position\":1,\"name\":\"Home\",\"item\":\"https:\\\/\\\/veinjapintsel.ee\\\/\"},{\"@type\":\"ListItem\",\"position\":2,\"name\":\"\u00dcritused\",\"item\":\"https:\\\/\\\/www.veinjapintsel.ee\\\/en\\\/uritused\\\/\"},{\"@type\":\"ListItem\",\"position\":3,\"name\":\"EMADEP\u00c4EVA MAALIKOMPLEKT\"}]},{\"@type\":\"WebSite\",\"@id\":\"https:\\\/\\\/www.veinjapintsel.ee\\\/en\\\/#website\",\"url\":\"https:\\\/\\\/www.veinjapintsel.ee\\\/en\\\/\",\"name\":\"Vein &amp; Pintsel\",\"description\":\"Lihtne, l\u00f5bus ja stressivaba elamus\",\"publisher\":{\"@id\":\"https:\\\/\\\/www.veinjapintsel.ee\\\/en\\\/#organization\"},\"potentialAction\":[{\"@type\":\"SearchAction\",\"target\":{\"@type\":\"EntryPoint\",\"urlTemplate\":\"https:\\\/\\\/www.veinjapintsel.ee\\\/en\\\/?s={search_term_string}\"},\"query-input\":{\"@type\":\"PropertyValueSpecification\",\"valueRequired\":true,\"valueName\":\"search_term_string\"}}],\"inLanguage\":\"en-US\"},{\"@type\":\"Organization\",\"@id\":\"https:\\\/\\\/www.veinjapintsel.ee\\\/en\\\/#organization\",\"name\":\"Vein & Pintsel\",\"url\":\"https:\\\/\\\/www.veinjapintsel.ee\\\/en\\\/\",\"logo\":{\"@type\":\"ImageObject\",\"inLanguage\":\"en-US\",\"@id\":\"https:\\\/\\\/www.veinjapintsel.ee\\\/en\\\/#\\\/schema\\\/logo\\\/image\\\/\",\"url\":\"https:\\\/\\\/veinjapintsel.ee\\\/wp-content\\\/uploads\\\/2017\\\/10\\\/veebisaidiikoon.jpg\",\"contentUrl\":\"https:\\\/\\\/veinjapintsel.ee\\\/wp-content\\\/uploads\\\/2017\\\/10\\\/veebisaidiikoon.jpg\",\"width\":512,\"height\":512,\"caption\":\"Vein & Pintsel\"},\"image\":{\"@id\":\"https:\\\/\\\/www.veinjapintsel.ee\\\/en\\\/#\\\/schema\\\/logo\\\/image\\\/\"}}]}<\/script>\n<!-- \/ Yoast SEO plugin. -->","yoast_head_json":{"title":"EMADEP\u00c4EVA MAALIKOMPLEKT - Vein &amp; Pintsel","robots":{"index":"noindex","follow":"follow"},"og_locale":"en_US","og_type":"article","og_title":"EMADEP\u00c4EVA MAALIKOMPLEKT - Vein &amp; Pintsel","og_description":"\"EMADEP\u00c4EVA MAALIKOMPLEKT\" &nbsp;  Asukoht: Mugavalt oma kodus Komplekt \u00fchele: \u20ac30\u00a0 (hind \u00fche komplekti kohta) Komplekt kahele: \u20ac55\u00a0 (Ostukorvis kasuta sooduskoodi \"EMA2020\") V\u00e4rvid: Akr\u00fc\u00fclv\u00e4rvid (vali oma v\u00e4rvid) L\u00f5uendi suurus: 40cm x 50cm","og_url":"https:\/\/www.veinjapintsel.ee\/en\/product\/emadepaeva-maalikomplekt\/","og_site_name":"Vein &amp; Pintsel","article_modified_time":"2020-05-02T11:04:04+00:00","twitter_card":"summary_large_image","twitter_misc":{"Est. reading time":"1 minute"},"schema":{"@context":"https:\/\/schema.org","@graph":[{"@type":"WebPage","@id":"https:\/\/www.veinjapintsel.ee\/en\/product\/emadepaeva-maalikomplekt\/","url":"https:\/\/www.veinjapintsel.ee\/en\/product\/emadepaeva-maalikomplekt\/","name":"EMADEP\u00c4EVA MAALIKOMPLEKT - Vein &amp; Pintsel","isPartOf":{"@id":"https:\/\/www.veinjapintsel.ee\/en\/#website"},"datePublished":"2020-04-20T10:40:58+00:00","dateModified":"2020-05-02T11:04:04+00:00","breadcrumb":{"@id":"https:\/\/www.veinjapintsel.ee\/en\/product\/emadepaeva-maalikomplekt\/#breadcrumb"},"inLanguage":"en-US","potentialAction":[{"@type":"ReadAction","target":["https:\/\/www.veinjapintsel.ee\/en\/product\/emadepaeva-maalikomplekt\/"]}]},{"@type":"BreadcrumbList","@id":"https:\/\/www.veinjapintsel.ee\/en\/product\/emadepaeva-maalikomplekt\/#breadcrumb","itemListElement":[{"@type":"ListItem","position":1,"name":"Home","item":"https:\/\/veinjapintsel.ee\/"},{"@type":"ListItem","position":2,"name":"\u00dcritused","item":"https:\/\/www.veinjapintsel.ee\/en\/uritused\/"},{"@type":"ListItem","position":3,"name":"EMADEP\u00c4EVA MAALIKOMPLEKT"}]},{"@type":"WebSite","@id":"https:\/\/www.veinjapintsel.ee\/en\/#website","url":"https:\/\/www.veinjapintsel.ee\/en\/","name":"Vein &amp; Pintsel","description":"SIMPLE, FUN AND STRESS-FREE EXPERIENCE!","publisher":{"@id":"https:\/\/www.veinjapintsel.ee\/en\/#organization"},"potentialAction":[{"@type":"SearchAction","target":{"@type":"EntryPoint","urlTemplate":"https:\/\/www.veinjapintsel.ee\/en\/?s={search_term_string}"},"query-input":{"@type":"PropertyValueSpecification","valueRequired":true,"valueName":"search_term_string"}}],"inLanguage":"en-US"},{"@type":"Organization","@id":"https:\/\/www.veinjapintsel.ee\/en\/#organization","name":"Vein & Pintsel","url":"https:\/\/www.veinjapintsel.ee\/en\/","logo":{"@type":"ImageObject","inLanguage":"en-US","@id":"https:\/\/www.veinjapintsel.ee\/en\/#\/schema\/logo\/image\/","url":"https:\/\/veinjapintsel.ee\/wp-content\/uploads\/2017\/10\/veebisaidiikoon.jpg","contentUrl":"https:\/\/veinjapintsel.ee\/wp-content\/uploads\/2017\/10\/veebisaidiikoon.jpg","width":512,"height":512,"caption":"Vein & Pintsel"},"image":{"@id":"https:\/\/www.veinjapintsel.ee\/en\/#\/schema\/logo\/image\/"}}]}},"_links":{"self":[{"href":"https:\/\/veinjapintsel.ee\/en\/wp-json\/wp\/v2\/product\/14781","targetHints":{"allow":["GET"]}}],"collection":[{"href":"https:\/\/veinjapintsel.ee\/en\/wp-json\/wp\/v2\/product"}],"about":[{"href":"https:\/\/veinjapintsel.ee\/en\/wp-json\/wp\/v2\/types\/product"}],"replies":[{"embeddable":true,"href":"https:\/\/veinjapintsel.ee\/en\/wp-json\/wp\/v2\/comments?post=14781"}],"wp:attachment":[{"href":"https:\/\/veinjapintsel.ee\/en\/wp-json\/wp\/v2\/media?parent=14781"}],"wp:term":[{"taxonomy":"product_brand","embeddable":true,"href":"https:\/\/veinjapintsel.ee\/en\/wp-json\/wp\/v2\/product_brand?post=14781"},{"taxonomy":"product_cat","embeddable":true,"href":"https:\/\/veinjapintsel.ee\/en\/wp-json\/wp\/v2\/product_cat?post=14781"},{"taxonomy":"product_tag","embeddable":true,"href":"https:\/\/veinjapintsel.ee\/en\/wp-json\/wp\/v2\/product_tag?post=14781"}],"curies":[{"name":"wp","href":"https:\/\/api.w.org\/{rel}","templated":true}]}}