{"id":585,"date":"2017-10-07T07:06:40","date_gmt":"2017-10-07T07:06:40","guid":{"rendered":"http:\/\/demo.ovathemes.com\/adventpro\/?page_id=585"},"modified":"2018-09-27T23:07:31","modified_gmt":"2018-09-27T23:07:31","slug":"tulevased-uritused","status":"publish","type":"page","link":"https:\/\/veinjapintsel.ee\/en\/tulevased-uritused\/","title":{"rendered":"Upcoming events"},"content":{"rendered":"","protected":false},"excerpt":{"rendered":"","protected":false},"author":1,"featured_media":0,"parent":0,"menu_order":0,"comment_status":"closed","ping_status":"closed","template":"templates\/upcoming-event.php","meta":{"_exactmetrics_skip_tracking":false,"_exactmetrics_sitenote_active":false,"_exactmetrics_sitenote_note":"","_exactmetrics_sitenote_category":0,"footnotes":""},"class_list":["post-585","page","type-page","status-publish","hentry"],"yoast_head":"<!-- This site is optimized with the Yoast SEO plugin v27.3 - https:\/\/yoast.com\/product\/yoast-seo-wordpress\/ -->\n<title>Tulevased \u00fcritused - Vein &amp; Pintsel<\/title>\n<meta name=\"description\"  content=\"Osta pilet v\u00f5i leia info p\u00f5nevate \u00fcrituste kohta. Lihtne, l\u00f5bus ja stressivaba elamus.\"  \/>\n<meta name=\"robots\"  content=\"noindex, follow\" \/>\n<meta property=\"og:locale\"  content=\"en_US\" \/>\n<meta property=\"og:type\"  content=\"article\" \/>\n<meta property=\"og:title\"  content=\"Tulevased \u00fcritused - Vein &amp; Pintsel\" \/>\n<meta property=\"og:description\"  content=\"Osta pilet v\u00f5i leia info p\u00f5nevate \u00fcrituste kohta. Lihtne, l\u00f5bus ja stressivaba elamus.\" \/>\n<meta property=\"og:url\"  content=\"https:\/\/veinjapintsel.ee\/en\/tulevased-uritused\/\" \/>\n<meta property=\"og:site_name\"  content=\"Vein &amp; Pintsel\" \/>\n<meta property=\"article:modified_time\"  content=\"2018-09-27T23:07:31+00:00\" \/>\n<meta name=\"twitter:card\"  content=\"summary_large_image\" \/>\n<script type=\"application\/ld+json\" class=\"yoast-schema-graph\">{\"@context\":\"https:\\\/\\\/schema.org\",\"@graph\":[{\"@type\":\"WebPage\",\"@id\":\"https:\\\/\\\/veinjapintsel.ee\\\/tulevased-uritused\\\/\",\"url\":\"https:\\\/\\\/veinjapintsel.ee\\\/tulevased-uritused\\\/\",\"name\":\"Tulevased \u00fcritused - Vein &amp; Pintsel\",\"isPartOf\":{\"@id\":\"https:\\\/\\\/www.veinjapintsel.ee\\\/en\\\/#website\"},\"datePublished\":\"2017-10-07T07:06:40+00:00\",\"dateModified\":\"2018-09-27T23:07:31+00:00\",\"description\":\"Osta pilet v\u00f5i leia info p\u00f5nevate \u00fcrituste kohta. Lihtne, l\u00f5bus ja stressivaba elamus.\",\"breadcrumb\":{\"@id\":\"https:\\\/\\\/veinjapintsel.ee\\\/tulevased-uritused\\\/#breadcrumb\"},\"inLanguage\":\"en-US\",\"potentialAction\":[{\"@type\":\"ReadAction\",\"target\":[\"https:\\\/\\\/veinjapintsel.ee\\\/tulevased-uritused\\\/\"]}]},{\"@type\":\"BreadcrumbList\",\"@id\":\"https:\\\/\\\/veinjapintsel.ee\\\/tulevased-uritused\\\/#breadcrumb\",\"itemListElement\":[{\"@type\":\"ListItem\",\"position\":1,\"name\":\"Home\",\"item\":\"https:\\\/\\\/www.veinjapintsel.ee\\\/en\\\/\"},{\"@type\":\"ListItem\",\"position\":2,\"name\":\"Tulevased \u00fcritused\"}]},{\"@type\":\"WebSite\",\"@id\":\"https:\\\/\\\/www.veinjapintsel.ee\\\/en\\\/#website\",\"url\":\"https:\\\/\\\/www.veinjapintsel.ee\\\/en\\\/\",\"name\":\"Vein &amp; Pintsel\",\"description\":\"Lihtne, l\u00f5bus ja stressivaba elamus\",\"publisher\":{\"@id\":\"https:\\\/\\\/www.veinjapintsel.ee\\\/en\\\/#organization\"},\"potentialAction\":[{\"@type\":\"SearchAction\",\"target\":{\"@type\":\"EntryPoint\",\"urlTemplate\":\"https:\\\/\\\/www.veinjapintsel.ee\\\/en\\\/?s={search_term_string}\"},\"query-input\":{\"@type\":\"PropertyValueSpecification\",\"valueRequired\":true,\"valueName\":\"search_term_string\"}}],\"inLanguage\":\"en-US\"},{\"@type\":\"Organization\",\"@id\":\"https:\\\/\\\/www.veinjapintsel.ee\\\/en\\\/#organization\",\"name\":\"Vein & Pintsel\",\"url\":\"https:\\\/\\\/www.veinjapintsel.ee\\\/en\\\/\",\"logo\":{\"@type\":\"ImageObject\",\"inLanguage\":\"en-US\",\"@id\":\"https:\\\/\\\/www.veinjapintsel.ee\\\/en\\\/#\\\/schema\\\/logo\\\/image\\\/\",\"url\":\"http:\\\/\\\/www.veinjapintsel.ee\\\/wp-content\\\/uploads\\\/2017\\\/10\\\/veebisaidiikoon.jpg\",\"contentUrl\":\"http:\\\/\\\/www.veinjapintsel.ee\\\/wp-content\\\/uploads\\\/2017\\\/10\\\/veebisaidiikoon.jpg\",\"width\":512,\"height\":512,\"caption\":\"Vein & Pintsel\"},\"image\":{\"@id\":\"https:\\\/\\\/www.veinjapintsel.ee\\\/en\\\/#\\\/schema\\\/logo\\\/image\\\/\"}}]}<\/script>\n<!-- \/ Yoast SEO plugin. -->","yoast_head_json":{"title":"Tulevased \u00fcritused - Vein &amp; Pintsel","description":"Osta pilet v\u00f5i leia info p\u00f5nevate \u00fcrituste kohta. Lihtne, l\u00f5bus ja stressivaba elamus.","robots":{"index":"noindex","follow":"follow"},"og_locale":"en_US","og_type":"article","og_title":"Tulevased \u00fcritused - Vein &amp; Pintsel","og_description":"Osta pilet v\u00f5i leia info p\u00f5nevate \u00fcrituste kohta. Lihtne, l\u00f5bus ja stressivaba elamus.","og_url":"https:\/\/veinjapintsel.ee\/en\/tulevased-uritused\/","og_site_name":"Vein &amp; Pintsel","article_modified_time":"2018-09-27T23:07:31+00:00","twitter_card":"summary_large_image","schema":{"@context":"https:\/\/schema.org","@graph":[{"@type":"WebPage","@id":"https:\/\/veinjapintsel.ee\/tulevased-uritused\/","url":"https:\/\/veinjapintsel.ee\/tulevased-uritused\/","name":"Tulevased \u00fcritused - Vein &amp; Pintsel","isPartOf":{"@id":"https:\/\/www.veinjapintsel.ee\/en\/#website"},"datePublished":"2017-10-07T07:06:40+00:00","dateModified":"2018-09-27T23:07:31+00:00","description":"Osta pilet v\u00f5i leia info p\u00f5nevate \u00fcrituste kohta. Lihtne, l\u00f5bus ja stressivaba elamus.","breadcrumb":{"@id":"https:\/\/veinjapintsel.ee\/tulevased-uritused\/#breadcrumb"},"inLanguage":"en-US","potentialAction":[{"@type":"ReadAction","target":["https:\/\/veinjapintsel.ee\/tulevased-uritused\/"]}]},{"@type":"BreadcrumbList","@id":"https:\/\/veinjapintsel.ee\/tulevased-uritused\/#breadcrumb","itemListElement":[{"@type":"ListItem","position":1,"name":"Home","item":"https:\/\/www.veinjapintsel.ee\/en\/"},{"@type":"ListItem","position":2,"name":"Tulevased \u00fcritused"}]},{"@type":"WebSite","@id":"https:\/\/www.veinjapintsel.ee\/en\/#website","url":"https:\/\/www.veinjapintsel.ee\/en\/","name":"Vein &amp; Pintsel","description":"SIMPLE, FUN AND STRESS-FREE EXPERIENCE!","publisher":{"@id":"https:\/\/www.veinjapintsel.ee\/en\/#organization"},"potentialAction":[{"@type":"SearchAction","target":{"@type":"EntryPoint","urlTemplate":"https:\/\/www.veinjapintsel.ee\/en\/?s={search_term_string}"},"query-input":{"@type":"PropertyValueSpecification","valueRequired":true,"valueName":"search_term_string"}}],"inLanguage":"en-US"},{"@type":"Organization","@id":"https:\/\/www.veinjapintsel.ee\/en\/#organization","name":"Vein & Pintsel","url":"https:\/\/www.veinjapintsel.ee\/en\/","logo":{"@type":"ImageObject","inLanguage":"en-US","@id":"https:\/\/www.veinjapintsel.ee\/en\/#\/schema\/logo\/image\/","url":"http:\/\/www.veinjapintsel.ee\/wp-content\/uploads\/2017\/10\/veebisaidiikoon.jpg","contentUrl":"http:\/\/www.veinjapintsel.ee\/wp-content\/uploads\/2017\/10\/veebisaidiikoon.jpg","width":512,"height":512,"caption":"Vein & Pintsel"},"image":{"@id":"https:\/\/www.veinjapintsel.ee\/en\/#\/schema\/logo\/image\/"}}]}},"_links":{"self":[{"href":"https:\/\/veinjapintsel.ee\/en\/wp-json\/wp\/v2\/pages\/585","targetHints":{"allow":["GET"]}}],"collection":[{"href":"https:\/\/veinjapintsel.ee\/en\/wp-json\/wp\/v2\/pages"}],"about":[{"href":"https:\/\/veinjapintsel.ee\/en\/wp-json\/wp\/v2\/types\/page"}],"author":[{"embeddable":true,"href":"https:\/\/veinjapintsel.ee\/en\/wp-json\/wp\/v2\/users\/1"}],"replies":[{"embeddable":true,"href":"https:\/\/veinjapintsel.ee\/en\/wp-json\/wp\/v2\/comments?post=585"}],"version-history":[{"count":5,"href":"https:\/\/veinjapintsel.ee\/en\/wp-json\/wp\/v2\/pages\/585\/revisions"}],"predecessor-version":[{"id":5439,"href":"https:\/\/veinjapintsel.ee\/en\/wp-json\/wp\/v2\/pages\/585\/revisions\/5439"}],"wp:attachment":[{"href":"https:\/\/veinjapintsel.ee\/en\/wp-json\/wp\/v2\/media?parent=585"}],"curies":[{"name":"wp","href":"https:\/\/api.w.org\/{rel}","templated":true}]}}